{"id":41,"date":"2015-02-22T23:47:49","date_gmt":"2015-02-22T22:47:49","guid":{"rendered":"http:\/\/wordpress.hainau.de\/?page_id=41"},"modified":"2024-04-20T18:55:18","modified_gmt":"2024-04-20T16:55:18","slug":"unsere-gemeinde","status":"publish","type":"page","link":"https:\/\/hainau.de\/?page_id=41","title":{"rendered":"Unsere Gemeinde"},"content":{"rendered":"\n<h2 class=\"wp-block-heading\">Wo Sie uns finden!<\/h2>\n\n\n\n<p>Hainau geh\u00f6rt zum Bundesland Rheinland-Pfalz und liegt im rechts-rheinischen &#8222;Rhein-Lahn-Kreis&#8220; in der <a href=\"http:\/\/www.vg-nastaetten.de\/\" target=\"_blank\" rel=\"noopener\">Verbandsgemeinde Nast\u00e4tten<\/a>. Ca. 25 Km s\u00fcd-\u00f6stlich von Koblenz sind wir damit etwa in der Mitte zwischen Koblenz, Montabaur und Wiesbaden. Genau befindet sich Hainau an der Kreisstrasse 76 zwischen Gemmerich und Miehlen.<\/p>\n\n\n\n<p>Aus Richtung <span style=\"color: #000000;\"><strong>Wiesbaden<\/strong><\/span> erreichen Sie uns \u00fcber die B260, B274 und dann \u00fcber Nast\u00e4tten, Miehlen nach Hainau.<\/p>\n\n\n\n<p>Aus Richtung <strong><span style=\"color: #000000;\">Koblenz<\/span><\/strong> fahren Sie die B42 \u00fcber Lahnstein bis Braubach, dann Richtung Nast\u00e4tten \u00fcber Miehlen nach Hainau.<\/p>\n\n\n<div id=\"wpgmza_map_1\" class=\"wpgmza_map wpgmza-auto-center\" style=\"display:block;width:100%;height:400px;overflow:hidden;position:relative;\" data-map-id=\"1\" data-maps-engine=\"google-maps\" data-build-engine=\"atlas-novus\" data-shortcode-attributes=\"{&quot;id&quot;:&quot;1&quot;,&quot;zoom&quot;:false,&quot;width&quot;:false,&quot;height&quot;:false,&quot;marker&quot;:false,&quot;classname&quot;:false}\" data-settings=\"{&quot;map_title&quot;:&quot;Hainau&quot;,&quot;map_width&quot;:&quot;100&quot;,&quot;map_height&quot;:&quot;400&quot;,&quot;map_start_lat&quot;:&quot;50.224252090778116&quot;,&quot;map_start_lng&quot;:&quot;7.783339805100606&quot;,&quot;map_start_location&quot;:&quot;45.950464398418106,-109.81550500000003&quot;,&quot;map_start_zoom&quot;:&quot;17&quot;,&quot;default_marker&quot;:&quot;&quot;,&quot;type&quot;:&quot;1&quot;,&quot;alignment&quot;:&quot;4&quot;,&quot;directions_enabled&quot;:&quot;0&quot;,&quot;styling_enabled&quot;:&quot;0&quot;,&quot;styling_json&quot;:&quot;&quot;,&quot;active&quot;:&quot;0&quot;,&quot;kml&quot;:&quot;&quot;,&quot;bicycle&quot;:&quot;0&quot;,&quot;traffic&quot;:&quot;1&quot;,&quot;dbox&quot;:&quot;0&quot;,&quot;dbox_width&quot;:&quot;&quot;,&quot;listmarkers&quot;:&quot;0&quot;,&quot;listmarkers_advanced&quot;:&quot;0&quot;,&quot;filterbycat&quot;:&quot;0&quot;,&quot;ugm_enabled&quot;:&quot;0&quot;,&quot;ugm_category_enabled&quot;:&quot;0&quot;,&quot;fusion&quot;:&quot;&quot;,&quot;map_width_type&quot;:&quot;%&quot;,&quot;map_height_type&quot;:&quot;px&quot;,&quot;mass_marker_support&quot;:&quot;0&quot;,&quot;ugm_access&quot;:&quot;0&quot;,&quot;order_markers_by&quot;:&quot;0&quot;,&quot;order_markers_choice&quot;:&quot;0&quot;,&quot;show_user_location&quot;:&quot;0&quot;,&quot;default_to&quot;:&quot;&quot;,&quot;map_type&quot;:1,&quot;sl_stroke_color&quot;:&quot;&quot;,&quot;sl_fill_color&quot;:&quot;&quot;,&quot;sl_stroke_opacity&quot;:&quot;&quot;,&quot;sl_fill_opacity&quot;:&quot;&quot;,&quot;transport_layer&quot;:false,&quot;action&quot;:&quot;wpgmza_save_map&quot;,&quot;redirect_to&quot;:&quot;\\\/wp-admin\\\/admin-post.php&quot;,&quot;map_id&quot;:&quot;1&quot;,&quot;http_referer&quot;:&quot;\\\/wp-admin\\\/admin.php?page=wp-google-maps-menu&amp;amp;action=edit&amp;amp;map_id=1&quot;,&quot;wpgmza_id&quot;:&quot;1&quot;,&quot;wpgmza_start_location&quot;:&quot;50.224252090778116,7.783339805100606&quot;,&quot;wpgmza_start_zoom&quot;:&quot;17&quot;,&quot;store_locator_enabled&quot;:false,&quot;store_locator_search_area&quot;:&quot;radial&quot;,&quot;wpgmza_store_locator_radius_style&quot;:&quot;legacy&quot;,&quot;wpgmza_store_locator_default_radius&quot;:&quot;10&quot;,&quot;store_locator_auto_area_max_zoom&quot;:&quot;&quot;,&quot;store_locator_distance&quot;:false,&quot;wpgmza_store_locator_position&quot;:false,&quot;store_locator_show_distance&quot;:false,&quot;store_locator_category&quot;:false,&quot;wpgmza_store_locator_use_their_location&quot;:false,&quot;wpgmza_store_locator_bounce&quot;:false,&quot;wpgmza_sl_animation&quot;:null,&quot;wpgmza_store_locator_hide_before_search&quot;:false,&quot;store_locator_query_string&quot;:&quot;&quot;,&quot;store_locator_default_address&quot;:&quot;&quot;,&quot;store_locator_name_search&quot;:false,&quot;store_locator_name_string&quot;:&quot;&quot;,&quot;store_locator_not_found_message&quot;:&quot;&quot;,&quot;wpgmza_map_align&quot;:&quot;2&quot;,&quot;jump_to_nearest_marker_on_initialization&quot;:false,&quot;automatically_pan_to_users_location&quot;:false,&quot;override_users_location_zoom_level&quot;:false,&quot;override_users_location_zoom_levels&quot;:&quot;&quot;,&quot;show_distance_from_location&quot;:false,&quot;map_max_zoom&quot;:&quot;21&quot;,&quot;map_min_zoom&quot;:&quot;0&quot;,&quot;click_open_link&quot;:false,&quot;fit_maps_bounds_to_markers&quot;:false,&quot;fit_maps_bounds_to_markers_after_filtering&quot;:false,&quot;hide_point_of_interest&quot;:false,&quot;wpgmza_zoom_on_marker_click&quot;:false,&quot;wpgmza_zoom_on_marker_click_slider&quot;:&quot;&quot;,&quot;close_infowindow_on_map_click&quot;:false,&quot;disable_lightbox_images&quot;:false,&quot;use_Raw_Jpeg_Coordinates&quot;:false,&quot;polygon_labels&quot;:false,&quot;disable_polygon_info_windows&quot;:false,&quot;enable_marker_ratings&quot;:false,&quot;only_load_markers_within_viewport&quot;:false,&quot;iw_primary_color&quot;:&quot;#000000&quot;,&quot;iw_accent_color&quot;:&quot;#000000&quot;,&quot;iw_text_color&quot;:&quot;#000000&quot;,&quot;wpgmza_listmarkers_by&quot;:&quot;0&quot;,&quot;wpgmza_marker_listing_position&quot;:false,&quot;datatable_no_result_message&quot;:&quot;&quot;,&quot;remove_search_box_datables&quot;:false,&quot;dataTable_pagination_style&quot;:null,&quot;datatable_search_string&quot;:&quot;&quot;,&quot;datatable_result_start&quot;:&quot;&quot;,&quot;datatable_result_of&quot;:&quot;&quot;,&quot;datatable_result_to&quot;:&quot;&quot;,&quot;datatable_result_total&quot;:&quot;&quot;,&quot;datatable_result_show&quot;:&quot;&quot;,&quot;datatable_result_entries&quot;:&quot;&quot;,&quot;wpgmza_savemap&quot;:&quot;Karte speichern&quot;,&quot;wpgmza_theme_data&quot;:&quot;[{\\&quot;featureType\\&quot;: \\&quot;administrative\\&quot;, \\&quot;stylers\\&quot;: [{\\&quot;visibility\\&quot;: \\&quot;off\\&quot;}]}, {\\&quot;featureType\\&quot;: \\&quot;poi\\&quot;, \\&quot;stylers\\&quot;: [{\\&quot;visibility\\&quot;: \\&quot;simplified\\&quot;}]}, {\\&quot;featureType\\&quot;: \\&quot;road\\&quot;, \\&quot;elementType\\&quot;: \\&quot;labels\\&quot;, \\&quot;stylers\\&quot;: [{\\&quot;visibility\\&quot;: \\&quot;simplified\\&quot;}]}, {\\&quot;featureType\\&quot;: \\&quot;water\\&quot;, \\&quot;stylers\\&quot;: [{\\&quot;visibility\\&quot;: \\&quot;simplified\\&quot;}]}, {\\&quot;featureType\\&quot;: \\&quot;transit\\&quot;, \\&quot;stylers\\&quot;: [{\\&quot;visibility\\&quot;: \\&quot;simplified\\&quot;}]}, {\\&quot;featureType\\&quot;: \\&quot;landscape\\&quot;, \\&quot;stylers\\&quot;: [{\\&quot;visibility\\&quot;: \\&quot;simplified\\&quot;}]}, {\\&quot;featureType\\&quot;: \\&quot;road.highway\\&quot;, \\&quot;stylers\\&quot;: [{\\&quot;visibility\\&quot;: \\&quot;off\\&quot;}]}, {\\&quot;featureType\\&quot;: \\&quot;road.local\\&quot;, \\&quot;stylers\\&quot;: [{\\&quot;visibility\\&quot;: \\&quot;on\\&quot;}]}, {\\&quot;featureType\\&quot;: \\&quot;road.highway\\&quot;, \\&quot;elementType\\&quot;: \\&quot;geometry\\&quot;, \\&quot;stylers\\&quot;: [{\\&quot;visibility\\&quot;: \\&quot;on\\&quot;}]}, {\\&quot;featureType\\&quot;: \\&quot;water\\&quot;, \\&quot;stylers\\&quot;: [{\\&quot;color\\&quot;: \\&quot;#84afa3\\&quot;}, {\\&quot;lightness\\&quot;: 52}]}, {\\&quot;stylers\\&quot;: [{\\&quot;gamma\\&quot;: 0.36}]}, {\\&quot;featureType\\&quot;: \\&quot;transit.line\\&quot;, \\&quot;elementType\\&quot;: \\&quot;geometry\\&quot;, \\&quot;stylers\\&quot;: [{\\&quot;color\\&quot;: \\&quot;#3f518c\\&quot;}]}]&quot;,&quot;wpgmza_push_in_map&quot;:false,&quot;wpgmza_push_in_map_placement&quot;:null,&quot;wpgmza_push_in_map_width&quot;:&quot;&quot;,&quot;wpgmza_push_in_map_height&quot;:&quot;&quot;,&quot;zoom_level_on_marker_listing_override&quot;:false,&quot;zoom_level_on_marker_listing_click&quot;:&quot;&quot;,&quot;store_locator_component_anchor&quot;:&quot;0&quot;,&quot;store_locator_location_placeholder&quot;:&quot;&quot;,&quot;store_locator_nearby_searches&quot;:false,&quot;wpgmza_theme&quot;:&quot;8&quot;,&quot;custom_tile_enabled&quot;:false,&quot;custom_tile_image&quot;:&quot;&quot;,&quot;custom_tile_image_width&quot;:&quot;&quot;,&quot;custom_tile_image_height&quot;:&quot;&quot;,&quot;custom_tile_image_attribution&quot;:&quot;&quot;,&quot;marker_share_links&quot;:false,&quot;marker_listing_component_anchor&quot;:null,&quot;marker_listing_component_auto_open&quot;:false,&quot;category_filter_component_anchor&quot;:null,&quot;marker_listing_disable_zoom&quot;:false,&quot;category_legends_enabled&quot;:false,&quot;category_legends_component_anchor&quot;:null,&quot;map_starts_in_streetview&quot;:false,&quot;map_starts_in_streetview_location&quot;:&quot;&quot;,&quot;map_starts_in_streetview_heading&quot;:&quot;&quot;,&quot;map_starts_in_streetview_pitch&quot;:&quot;&quot;,&quot;enable_marker_labels&quot;:false,&quot;zoom_level_mobile_override_enabled&quot;:false,&quot;zoom_level_mobile_override&quot;:&quot;&quot;,&quot;id&quot;:1}\" ><\/div>\n\n\n<p>Gleich von welcher Seite man sich dem Ort n\u00e4hert, jedem Betrachter f\u00e4llt sofort dessen sch\u00f6ne Lage auf.<br>In einem weit gestrecktem Wiesental zwischen Gemmerich und Miehlen liegt Hainau an einem kleinen Bach, dem Hainauer-Bach, den manche Bewohner Pisar nennen. Hainau liegt auf einer H\u00f6he von ca. 275m \u00fcber dem Meeresspiegel und ist Teil des sogenannten &#8222;Blauen L\u00e4ndchen&#8220;. Die h\u00f6chste Erhebung innerhalb der Gemarkung betr\u00e4gt ca. 340m.<\/p>\n\n\n\n<p>220ha Acker- und Wiesenfl\u00e4chen sowie 110ha Mischwald bieten nicht nur den Bewohnern, sondern auch den G\u00e4sten wohltuenden Lebensraum.<br>Hainau \u2013 das sind 174 Einwohner, in 7 Stra\u00dfen und 62&nbsp;H\u00e4usern.<\/p>\n\n\n\n<div style=\"height:40px\" aria-hidden=\"true\" class=\"wp-block-spacer\"><\/div>\n\n\n\n<h2 class=\"wp-block-heading\">Suchen Sie einen Bauplatz?<\/h2>\n\n\n\n<p>Dann finden Sie weitere Informationen zu diesem Thema&nbsp;auf&nbsp;unserer besonderen Seite!<\/p>\n\n\n\n<p><a class=\"btn btn-primary fp-button\" title=\"Zur Seite: Baupl\u00e4tze\" href=\"http:\/\/wordpress.hainau.de\/?page_id=3855\">Lesen Sie mehr \u00bb<\/a><\/p>\n\n\n\n<div style=\"height:39px\" aria-hidden=\"true\" class=\"wp-block-spacer\"><\/div>\n\n\n\n<h2 class=\"wp-block-heading\"><a name=\"530334990b125cc05\"><\/a>FREIZEITGESTALTUNG<\/h2>\n\n\n\n<p>F\u00fcr die Freizeitgestaltung hat unser kleiner Ort auch einiges zu bieten. Der ans\u00e4ssige Sportverein TC-Hainau e.V. lockt mit attraktiven Angeboten, wie:<\/p>\n\n\n\n<ul class=\"wp-block-list\">\n<li>Gymnastikgruppen<\/li>\n\n\n\n<li>Tischtennis<\/li>\n\n\n\n<li>Kinderturnen<\/li>\n\n\n\n<li>Seniorenturnen<\/li>\n\n\n\n<li>und nicht zuletzt mit Tennis<\/li>\n<\/ul>\n\n\n\n<p>auf einer eigenen Tennisanlage mit zwei Pl\u00e4tzen.<\/p>\n\n\n\n<div style=\"height:40px\" aria-hidden=\"true\" class=\"wp-block-spacer\"><\/div>\n\n\n\n<h2 class=\"wp-block-heading\"><a name=\"530334990b125bc04\"><\/a>VERBANDSGEMEINDE<\/h2>\n\n\n\n<div class=\"wp-block-media-text is-stacked-on-mobile\" style=\"grid-template-columns:28% auto\"><figure class=\"wp-block-media-text__media\"><img loading=\"lazy\" decoding=\"async\" width=\"242\" height=\"270\" data-attachment-id=\"774\" data-permalink=\"https:\/\/hainau.de\/?attachment_id=774\" data-orig-file=\"https:\/\/hainau.de\/wp-content\/uploads\/2015\/02\/wappenvg-frei.png\" data-orig-size=\"242,270\" data-comments-opened=\"0\" data-image-meta=\"{&quot;aperture&quot;:&quot;0&quot;,&quot;credit&quot;:&quot;&quot;,&quot;camera&quot;:&quot;&quot;,&quot;caption&quot;:&quot;&quot;,&quot;created_timestamp&quot;:&quot;0&quot;,&quot;copyright&quot;:&quot;&quot;,&quot;focal_length&quot;:&quot;0&quot;,&quot;iso&quot;:&quot;0&quot;,&quot;shutter_speed&quot;:&quot;0&quot;,&quot;title&quot;:&quot;&quot;,&quot;orientation&quot;:&quot;0&quot;}\" data-image-title=\"wappenvg frei\" data-image-description=\"\" data-image-caption=\"\" data-large-file=\"https:\/\/hainau.de\/wp-content\/uploads\/2015\/02\/wappenvg-frei.png\" src=\"https:\/\/hainau.de\/wp-content\/uploads\/2015\/02\/wappenvg-frei.png\" alt=\"\" class=\"wp-image-774 size-full\"\/><\/figure><div class=\"wp-block-media-text__content\">\n<p style=\"font-size:14px\">Hainau ist eine von 32 Ortsgemeinde der <a href=\"http:\/\/www.vgnastaetten.de\/\" target=\"_blank\" rel=\"noopener\">Verbandsgemeinde Nast\u00e4tten<\/a>.<\/p>\n\n\n\n<p style=\"font-size:14px\">Sitz der Verwaltung ist in Nast\u00e4tten, die gleichzeitig auch die n\u00e4chst gr\u00f6\u00dfere Stadt mit einer guten Infrastruktur ist.<\/p>\n\n\n\n<p style=\"font-size:14px\">Hier findet man verschiedene \u00c4rzte, ein Krankenhaus, Autowerkst\u00e4tten, Superm\u00e4rkte, Einzelhandelsgesch\u00e4fte, Tankstellen, ein Freibad und mehrere Schulen.<\/p>\n\n\n\n<p style=\"font-size:14px\">Die Stadt Nast\u00e4tten ist von Hainau ca. 9 Km entfernt.<\/p>\n<\/div><\/div>\n\n\n\n<div class=\"clearer\">&nbsp;<\/div>\n","protected":false},"excerpt":{"rendered":"<p>Wo Sie uns finden! Hainau geh\u00f6rt zum Bundesland Rheinland-Pfalz und liegt im rechts-rheinischen &#8222;Rhein-Lahn-Kreis&#8220; in der Verbandsgemeinde Nast\u00e4tten. Ca. 25 Km s\u00fcd-\u00f6stlich von Koblenz sind wir damit etwa in der Mitte zwischen Koblenz, Montabaur und Wiesbaden. Genau befindet sich Hainau an der Kreisstrasse 76 zwischen Gemmerich und Miehlen. Aus Richtung Wiesbaden erreichen Sie uns \u00fcber [&hellip;]<\/p>\n","protected":false},"author":2,"featured_media":1183,"parent":0,"menu_order":2,"comment_status":"closed","ping_status":"closed","template":"","meta":{"jetpack_post_was_ever_published":false,"_mc_calendar":[],"footnotes":""},"class_list":["post-41","page","type-page","status-publish","has-post-thumbnail","czr-hentry"],"jetpack_shortlink":"https:\/\/wp.me\/P5VSUL-F","jetpack_sharing_enabled":false,"_links":{"self":[{"href":"https:\/\/hainau.de\/index.php?rest_route=\/wp\/v2\/pages\/41","targetHints":{"allow":["GET"]}}],"collection":[{"href":"https:\/\/hainau.de\/index.php?rest_route=\/wp\/v2\/pages"}],"about":[{"href":"https:\/\/hainau.de\/index.php?rest_route=\/wp\/v2\/types\/page"}],"author":[{"embeddable":true,"href":"https:\/\/hainau.de\/index.php?rest_route=\/wp\/v2\/users\/2"}],"replies":[{"embeddable":true,"href":"https:\/\/hainau.de\/index.php?rest_route=%2Fwp%2Fv2%2Fcomments&post=41"}],"version-history":[{"count":54,"href":"https:\/\/hainau.de\/index.php?rest_route=\/wp\/v2\/pages\/41\/revisions"}],"predecessor-version":[{"id":4974,"href":"https:\/\/hainau.de\/index.php?rest_route=\/wp\/v2\/pages\/41\/revisions\/4974"}],"wp:featuredmedia":[{"embeddable":true,"href":"https:\/\/hainau.de\/index.php?rest_route=\/wp\/v2\/media\/1183"}],"wp:attachment":[{"href":"https:\/\/hainau.de\/index.php?rest_route=%2Fwp%2Fv2%2Fmedia&parent=41"}],"curies":[{"name":"wp","href":"https:\/\/api.w.org\/{rel}","templated":true}]}}