{"id":3855,"date":"2021-04-29T12:05:41","date_gmt":"2021-04-29T10:05:41","guid":{"rendered":"http:\/\/wordpress.hainau.de\/?page_id=3855"},"modified":"2025-06-30T20:56:54","modified_gmt":"2025-06-30T18:56:54","slug":"baugebiet-am-erlengraben","status":"publish","type":"page","link":"https:\/\/hainau.de\/?page_id=3855","title":{"rendered":"Neubaugebiet &#8222;Am Erlengraben&#8220;"},"content":{"rendered":"\n<p>Hainau ist eine kleine, idyllisch gelegene Ortsgemeinde im Rhein-Lahn-Kreis mit rund 170 Einwohnern und geh\u00f6rt zur Verbandsgemeinde Nast\u00e4tten. Kindergarten und Grundschule befinden sich ca. 4km entfernt im Nachbarort Miehlen. Weiterf\u00fchrende Schulen gibt es im ca. 8km entfernten Nast\u00e4tten. Dort finden sich auch alle Einkaufsm\u00f6glichkeiten f\u00fcr den t\u00e4glichen Bedarf und Einrichtungen der medizinischen Versorgung wie Krankenhaus, Fach\u00e4rzte und Apotheken. <\/p>\n\n\n\n<p>Das Baugebiet &#8222;Am Erlengraben&#8220; befindet sich an der Ortsausfahrt Richtung Miehlen.<\/p>\n\n\n<div id=\"wpgmza_map_1\" class=\"wpgmza_map wpgmza-auto-center\" style=\"display:block;width:100%;height:400px;overflow:hidden;position:relative;\" data-map-id=\"1\" data-maps-engine=\"google-maps\" data-build-engine=\"atlas-novus\" data-shortcode-attributes=\"{&quot;id&quot;:&quot;1&quot;,&quot;zoom&quot;:false,&quot;width&quot;:false,&quot;height&quot;:false,&quot;marker&quot;:false,&quot;classname&quot;:false}\" data-settings=\"{&quot;map_title&quot;:&quot;Hainau&quot;,&quot;map_width&quot;:&quot;100&quot;,&quot;map_height&quot;:&quot;400&quot;,&quot;map_start_lat&quot;:&quot;50.224252090778116&quot;,&quot;map_start_lng&quot;:&quot;7.783339805100606&quot;,&quot;map_start_location&quot;:&quot;45.950464398418106,-109.81550500000003&quot;,&quot;map_start_zoom&quot;:&quot;17&quot;,&quot;default_marker&quot;:&quot;&quot;,&quot;type&quot;:&quot;1&quot;,&quot;alignment&quot;:&quot;4&quot;,&quot;directions_enabled&quot;:&quot;0&quot;,&quot;styling_enabled&quot;:&quot;0&quot;,&quot;styling_json&quot;:&quot;&quot;,&quot;active&quot;:&quot;0&quot;,&quot;kml&quot;:&quot;&quot;,&quot;bicycle&quot;:&quot;0&quot;,&quot;traffic&quot;:&quot;1&quot;,&quot;dbox&quot;:&quot;0&quot;,&quot;dbox_width&quot;:&quot;&quot;,&quot;listmarkers&quot;:&quot;0&quot;,&quot;listmarkers_advanced&quot;:&quot;0&quot;,&quot;filterbycat&quot;:&quot;0&quot;,&quot;ugm_enabled&quot;:&quot;0&quot;,&quot;ugm_category_enabled&quot;:&quot;0&quot;,&quot;fusion&quot;:&quot;&quot;,&quot;map_width_type&quot;:&quot;%&quot;,&quot;map_height_type&quot;:&quot;px&quot;,&quot;mass_marker_support&quot;:&quot;0&quot;,&quot;ugm_access&quot;:&quot;0&quot;,&quot;order_markers_by&quot;:&quot;0&quot;,&quot;order_markers_choice&quot;:&quot;0&quot;,&quot;show_user_location&quot;:&quot;0&quot;,&quot;default_to&quot;:&quot;&quot;,&quot;map_type&quot;:1,&quot;sl_stroke_color&quot;:&quot;&quot;,&quot;sl_fill_color&quot;:&quot;&quot;,&quot;sl_stroke_opacity&quot;:&quot;&quot;,&quot;sl_fill_opacity&quot;:&quot;&quot;,&quot;transport_layer&quot;:false,&quot;action&quot;:&quot;wpgmza_save_map&quot;,&quot;redirect_to&quot;:&quot;\\\/wp-admin\\\/admin-post.php&quot;,&quot;map_id&quot;:&quot;1&quot;,&quot;http_referer&quot;:&quot;\\\/wp-admin\\\/admin.php?page=wp-google-maps-menu&amp;amp;action=edit&amp;amp;map_id=1&quot;,&quot;wpgmza_id&quot;:&quot;1&quot;,&quot;wpgmza_start_location&quot;:&quot;50.224252090778116,7.783339805100606&quot;,&quot;wpgmza_start_zoom&quot;:&quot;17&quot;,&quot;store_locator_enabled&quot;:false,&quot;store_locator_search_area&quot;:&quot;radial&quot;,&quot;wpgmza_store_locator_radius_style&quot;:&quot;legacy&quot;,&quot;wpgmza_store_locator_default_radius&quot;:&quot;10&quot;,&quot;store_locator_auto_area_max_zoom&quot;:&quot;&quot;,&quot;store_locator_distance&quot;:false,&quot;wpgmza_store_locator_position&quot;:false,&quot;store_locator_show_distance&quot;:false,&quot;store_locator_category&quot;:false,&quot;wpgmza_store_locator_use_their_location&quot;:false,&quot;wpgmza_store_locator_bounce&quot;:false,&quot;wpgmza_sl_animation&quot;:null,&quot;wpgmza_store_locator_hide_before_search&quot;:false,&quot;store_locator_query_string&quot;:&quot;&quot;,&quot;store_locator_default_address&quot;:&quot;&quot;,&quot;store_locator_name_search&quot;:false,&quot;store_locator_name_string&quot;:&quot;&quot;,&quot;store_locator_not_found_message&quot;:&quot;&quot;,&quot;wpgmza_map_align&quot;:&quot;2&quot;,&quot;jump_to_nearest_marker_on_initialization&quot;:false,&quot;automatically_pan_to_users_location&quot;:false,&quot;override_users_location_zoom_level&quot;:false,&quot;override_users_location_zoom_levels&quot;:&quot;&quot;,&quot;show_distance_from_location&quot;:false,&quot;map_max_zoom&quot;:&quot;21&quot;,&quot;map_min_zoom&quot;:&quot;0&quot;,&quot;click_open_link&quot;:false,&quot;fit_maps_bounds_to_markers&quot;:false,&quot;fit_maps_bounds_to_markers_after_filtering&quot;:false,&quot;hide_point_of_interest&quot;:false,&quot;wpgmza_zoom_on_marker_click&quot;:false,&quot;wpgmza_zoom_on_marker_click_slider&quot;:&quot;&quot;,&quot;close_infowindow_on_map_click&quot;:false,&quot;disable_lightbox_images&quot;:false,&quot;use_Raw_Jpeg_Coordinates&quot;:false,&quot;polygon_labels&quot;:false,&quot;disable_polygon_info_windows&quot;:false,&quot;enable_marker_ratings&quot;:false,&quot;only_load_markers_within_viewport&quot;:false,&quot;iw_primary_color&quot;:&quot;#000000&quot;,&quot;iw_accent_color&quot;:&quot;#000000&quot;,&quot;iw_text_color&quot;:&quot;#000000&quot;,&quot;wpgmza_listmarkers_by&quot;:&quot;0&quot;,&quot;wpgmza_marker_listing_position&quot;:false,&quot;datatable_no_result_message&quot;:&quot;&quot;,&quot;remove_search_box_datables&quot;:false,&quot;dataTable_pagination_style&quot;:null,&quot;datatable_search_string&quot;:&quot;&quot;,&quot;datatable_result_start&quot;:&quot;&quot;,&quot;datatable_result_of&quot;:&quot;&quot;,&quot;datatable_result_to&quot;:&quot;&quot;,&quot;datatable_result_total&quot;:&quot;&quot;,&quot;datatable_result_show&quot;:&quot;&quot;,&quot;datatable_result_entries&quot;:&quot;&quot;,&quot;wpgmza_savemap&quot;:&quot;Karte speichern&quot;,&quot;wpgmza_theme_data&quot;:&quot;[{\\&quot;featureType\\&quot;: \\&quot;administrative\\&quot;, \\&quot;stylers\\&quot;: [{\\&quot;visibility\\&quot;: \\&quot;off\\&quot;}]}, {\\&quot;featureType\\&quot;: \\&quot;poi\\&quot;, \\&quot;stylers\\&quot;: [{\\&quot;visibility\\&quot;: \\&quot;simplified\\&quot;}]}, {\\&quot;featureType\\&quot;: \\&quot;road\\&quot;, \\&quot;elementType\\&quot;: \\&quot;labels\\&quot;, \\&quot;stylers\\&quot;: [{\\&quot;visibility\\&quot;: \\&quot;simplified\\&quot;}]}, {\\&quot;featureType\\&quot;: \\&quot;water\\&quot;, \\&quot;stylers\\&quot;: [{\\&quot;visibility\\&quot;: \\&quot;simplified\\&quot;}]}, {\\&quot;featureType\\&quot;: \\&quot;transit\\&quot;, \\&quot;stylers\\&quot;: [{\\&quot;visibility\\&quot;: \\&quot;simplified\\&quot;}]}, {\\&quot;featureType\\&quot;: \\&quot;landscape\\&quot;, \\&quot;stylers\\&quot;: [{\\&quot;visibility\\&quot;: \\&quot;simplified\\&quot;}]}, {\\&quot;featureType\\&quot;: \\&quot;road.highway\\&quot;, \\&quot;stylers\\&quot;: [{\\&quot;visibility\\&quot;: \\&quot;off\\&quot;}]}, {\\&quot;featureType\\&quot;: \\&quot;road.local\\&quot;, \\&quot;stylers\\&quot;: [{\\&quot;visibility\\&quot;: \\&quot;on\\&quot;}]}, {\\&quot;featureType\\&quot;: \\&quot;road.highway\\&quot;, \\&quot;elementType\\&quot;: \\&quot;geometry\\&quot;, \\&quot;stylers\\&quot;: [{\\&quot;visibility\\&quot;: \\&quot;on\\&quot;}]}, {\\&quot;featureType\\&quot;: \\&quot;water\\&quot;, \\&quot;stylers\\&quot;: [{\\&quot;color\\&quot;: \\&quot;#84afa3\\&quot;}, {\\&quot;lightness\\&quot;: 52}]}, {\\&quot;stylers\\&quot;: [{\\&quot;gamma\\&quot;: 0.36}]}, {\\&quot;featureType\\&quot;: \\&quot;transit.line\\&quot;, \\&quot;elementType\\&quot;: \\&quot;geometry\\&quot;, \\&quot;stylers\\&quot;: [{\\&quot;color\\&quot;: \\&quot;#3f518c\\&quot;}]}]&quot;,&quot;wpgmza_push_in_map&quot;:false,&quot;wpgmza_push_in_map_placement&quot;:null,&quot;wpgmza_push_in_map_width&quot;:&quot;&quot;,&quot;wpgmza_push_in_map_height&quot;:&quot;&quot;,&quot;zoom_level_on_marker_listing_override&quot;:false,&quot;zoom_level_on_marker_listing_click&quot;:&quot;&quot;,&quot;store_locator_component_anchor&quot;:&quot;0&quot;,&quot;store_locator_location_placeholder&quot;:&quot;&quot;,&quot;store_locator_nearby_searches&quot;:false,&quot;wpgmza_theme&quot;:&quot;8&quot;,&quot;custom_tile_enabled&quot;:false,&quot;custom_tile_image&quot;:&quot;&quot;,&quot;custom_tile_image_width&quot;:&quot;&quot;,&quot;custom_tile_image_height&quot;:&quot;&quot;,&quot;custom_tile_image_attribution&quot;:&quot;&quot;,&quot;marker_share_links&quot;:false,&quot;marker_listing_component_anchor&quot;:null,&quot;marker_listing_component_auto_open&quot;:false,&quot;category_filter_component_anchor&quot;:null,&quot;marker_listing_disable_zoom&quot;:false,&quot;category_legends_enabled&quot;:false,&quot;category_legends_component_anchor&quot;:null,&quot;map_starts_in_streetview&quot;:false,&quot;map_starts_in_streetview_location&quot;:&quot;&quot;,&quot;map_starts_in_streetview_heading&quot;:&quot;&quot;,&quot;map_starts_in_streetview_pitch&quot;:&quot;&quot;,&quot;enable_marker_labels&quot;:false,&quot;zoom_level_mobile_override_enabled&quot;:false,&quot;zoom_level_mobile_override&quot;:&quot;&quot;,&quot;id&quot;:1}\" ><\/div>\n\n<div class=\"su-spacer\" style=\"height:50px\"><\/div>\n\n\n\n<h2 class=\"wp-block-heading\" id=\"EG\"><span style=\"text-decoration: underline;\">\u00dcbersicht<\/span><\/h2>\n\n\n\n<div class=\"wp-block-columns is-layout-flex wp-container-core-columns-is-layout-9d6595d7 wp-block-columns-is-layout-flex\">\n<div class=\"wp-block-column is-layout-flow wp-block-column-is-layout-flow\" style=\"flex-basis:100%\">\n<div class=\"wp-block-media-text alignwide is-stacked-on-mobile has-background\" style=\"background-color:#edf2f7;grid-template-columns:42% auto\"><figure class=\"wp-block-media-text__media\"><img loading=\"lazy\" decoding=\"async\" width=\"1024\" height=\"576\" data-attachment-id=\"4057\" data-permalink=\"https:\/\/hainau.de\/?attachment_id=4057\" data-orig-file=\"https:\/\/hainau.de\/wp-content\/uploads\/2021\/05\/DJI_0358-Redox.jpg\" data-orig-size=\"1679,945\" data-comments-opened=\"0\" data-image-meta=\"{&quot;aperture&quot;:&quot;0&quot;,&quot;credit&quot;:&quot;&quot;,&quot;camera&quot;:&quot;&quot;,&quot;caption&quot;:&quot;&quot;,&quot;created_timestamp&quot;:&quot;0&quot;,&quot;copyright&quot;:&quot;&quot;,&quot;focal_length&quot;:&quot;0&quot;,&quot;iso&quot;:&quot;0&quot;,&quot;shutter_speed&quot;:&quot;0&quot;,&quot;title&quot;:&quot;&quot;,&quot;orientation&quot;:&quot;0&quot;}\" data-image-title=\"DJI_0358 Redox\" data-image-description=\"\" data-image-caption=\"\" data-large-file=\"https:\/\/hainau.de\/wp-content\/uploads\/2021\/05\/DJI_0358-Redox-1024x576.jpg\" src=\"http:\/\/wordpress.hainau.de\/wp-content\/uploads\/2021\/05\/DJI_0358-Redox-1024x576.jpg\" alt=\"\" class=\"wp-image-4057 size-medium\" srcset=\"https:\/\/hainau.de\/wp-content\/uploads\/2021\/05\/DJI_0358-Redox-1024x576.jpg 1024w, https:\/\/hainau.de\/wp-content\/uploads\/2021\/05\/DJI_0358-Redox-300x169.jpg 300w, https:\/\/hainau.de\/wp-content\/uploads\/2021\/05\/DJI_0358-Redox-768x432.jpg 768w, https:\/\/hainau.de\/wp-content\/uploads\/2021\/05\/DJI_0358-Redox-1536x865.jpg 1536w, https:\/\/hainau.de\/wp-content\/uploads\/2021\/05\/DJI_0358-Redox.jpg 1679w\" sizes=\"auto, (max-width: 1024px) 100vw, 1024px\" \/><\/figure><div class=\"wp-block-media-text__content\">\n<div class=\"wp-block-columns is-layout-flex wp-container-core-columns-is-layout-9d6595d7 wp-block-columns-is-layout-flex\">\n<div class=\"wp-block-column is-layout-flow wp-block-column-is-layout-flow\" style=\"flex-basis:100%\"><div class=\"su-table su-table-fixed\">\n<table>\n<tbody>\n<tr>\n<td>Anzahl Baupl\u00e4tze<\/td>\n<td>10<\/td>\n<\/tr>\n<tr>\n<td>Gr\u00f6\u00dfe<\/td>\n<td>540 &#8211; 558 qm<\/td>\n<\/tr>\n<tr>\n<td>Preis\/qm<\/td>\n<td>65\u20ac<\/td>\n<\/tr>\n<\/tbody>\n<\/table>\n<\/div>\n<\/div>\n<\/div>\n<\/div><\/div>\n\n\n<div class=\"su-spacer\" style=\"height:50px\"><\/div>\n\n\n\n<h4 class=\"wp-block-heading\">Hier sehen Sie die freien Baupl\u00e4tze im \u00dcberblick!<\/h4>\n\n\n\n<figure class=\"wp-block-image size-full is-style-default\"><img loading=\"lazy\" decoding=\"async\" width=\"1667\" height=\"1007\" data-attachment-id=\"5287\" data-permalink=\"https:\/\/hainau.de\/?attachment_id=5287\" data-orig-file=\"https:\/\/hainau.de\/wp-content\/uploads\/2025\/06\/Karte-frei-Bauplaetze-Baugebiet-Am-Erlengraben.png\" data-orig-size=\"1667,1007\" data-comments-opened=\"0\" data-image-meta=\"{&quot;aperture&quot;:&quot;0&quot;,&quot;credit&quot;:&quot;&quot;,&quot;camera&quot;:&quot;&quot;,&quot;caption&quot;:&quot;&quot;,&quot;created_timestamp&quot;:&quot;0&quot;,&quot;copyright&quot;:&quot;&quot;,&quot;focal_length&quot;:&quot;0&quot;,&quot;iso&quot;:&quot;0&quot;,&quot;shutter_speed&quot;:&quot;0&quot;,&quot;title&quot;:&quot;&quot;,&quot;orientation&quot;:&quot;0&quot;}\" data-image-title=\"Karte &amp;#8211; frei Baupl\u00e4tze Baugebiet Am Erlengraben\" data-image-description=\"\" data-image-caption=\"\" data-large-file=\"https:\/\/hainau.de\/wp-content\/uploads\/2025\/06\/Karte-frei-Bauplaetze-Baugebiet-Am-Erlengraben-1024x619.png\" src=\"https:\/\/hainau.de\/wp-content\/uploads\/2025\/06\/Karte-frei-Bauplaetze-Baugebiet-Am-Erlengraben.png\" alt=\"\" class=\"wp-image-5287\" srcset=\"https:\/\/hainau.de\/wp-content\/uploads\/2025\/06\/Karte-frei-Bauplaetze-Baugebiet-Am-Erlengraben.png 1667w, https:\/\/hainau.de\/wp-content\/uploads\/2025\/06\/Karte-frei-Bauplaetze-Baugebiet-Am-Erlengraben-300x181.png 300w, https:\/\/hainau.de\/wp-content\/uploads\/2025\/06\/Karte-frei-Bauplaetze-Baugebiet-Am-Erlengraben-1024x619.png 1024w, https:\/\/hainau.de\/wp-content\/uploads\/2025\/06\/Karte-frei-Bauplaetze-Baugebiet-Am-Erlengraben-768x464.png 768w, https:\/\/hainau.de\/wp-content\/uploads\/2025\/06\/Karte-frei-Bauplaetze-Baugebiet-Am-Erlengraben-1536x928.png 1536w\" sizes=\"auto, (max-width: 1667px) 100vw, 1667px\" \/><\/figure>\n\n\n\n<p><\/p>\n<\/div>\n<\/div>\n\n\n<div class=\"su-spacer\" style=\"height:50px\"><\/div>\n\n\n\n<h4 class=\"wp-block-heading\">Die einzelnen Baupl\u00e4tze<\/h4>\n\n\n\n<figure class=\"wp-block-table\"><table class=\"has-fixed-layout\"><thead><tr><th class=\"has-text-align-center\" data-align=\"center\">Flur 6<br>Flurst\u00fcck Nr.<\/th><th class=\"has-text-align-center\" data-align=\"center\">Gr\u00f6\u00dfe qm<\/th><th class=\"has-text-align-center\" data-align=\"center\">Preis \u20ac\/qm<\/th><th class=\"has-text-align-center\" data-align=\"center\">Gesamtpreis \u20ac<\/th><th class=\"has-text-align-center\" data-align=\"center\">Verf\u00fcgbarkeit<\/th><\/tr><\/thead><tbody><tr><td class=\"has-text-align-center\" data-align=\"center\">39\/7<\/td><td class=\"has-text-align-center\" data-align=\"center\">554<\/td><td class=\"has-text-align-center\" data-align=\"center\">65<\/td><td class=\"has-text-align-center\" data-align=\"center\">36.010<\/td><td class=\"has-text-align-center\" data-align=\"center\">frei<\/td><\/tr><tr><td class=\"has-text-align-center\" data-align=\"center\">39\/8<\/td><td class=\"has-text-align-center\" data-align=\"center\">554<\/td><td class=\"has-text-align-center\" data-align=\"center\">65<\/td><td class=\"has-text-align-center\" data-align=\"center\">36.010<\/td><td class=\"has-text-align-center\" data-align=\"center\">frei<\/td><\/tr><tr><td class=\"has-text-align-center\" data-align=\"center\">39\/11<\/td><td class=\"has-text-align-center\" data-align=\"center\">540<\/td><td class=\"has-text-align-center\" data-align=\"center\">65<\/td><td class=\"has-text-align-center\" data-align=\"center\">35.100<\/td><td class=\"has-text-align-center\" data-align=\"center\">frei<\/td><\/tr><\/tbody><\/table><\/figure>\n\n\n<div class=\"su-spacer\" style=\"height:50px\"><\/div>\n\n\n\n<p style=\"font-size:18px\">Wenn Sie Interesse an einem Bauplatz in Hainau haben, wenden Sie sich bitte an:<\/p>\n\n\n\n<p><strong>Gemeinde Hainau<\/strong><br>Br\u00fcckenstrasse&nbsp;9a<br>56357 Hainau<br><strong>Tel:<\/strong>&nbsp;06772-6064<br><strong>E-Mail<\/strong>: buergermeister@hainau.de<\/p>\n\n\n<div class=\"su-spacer\" style=\"height:50px\"><\/div>\n\n\n\n<p style=\"font-size:18px\">Ein Expos\u00e9 f\u00fcr alle Baupl\u00e4tze k\u00f6nnen Sie hier herunterladen:<\/p>\n\n\n<a href=\"https:\/\/hainau.de\/wp-content\/uploads\/2025\/06\/Info-Bauherren-2025_06_30.pdf\" class=\"su-button su-button-style-default\" style=\"color:#FFFFFF;background-color:#2D89EF;border-color:#246ec0;border-radius:5px\" target=\"_blank\" rel=\"noopener noreferrer\"><span style=\"color:#FFFFFF;padding:0px 16px;font-size:13px;line-height:26px;border-color:#6cadf4;border-radius:5px;text-shadow:none\"> Expos\u00e9 herunterladen<\/span><\/a>\n\n\n<div class=\"su-spacer\" style=\"height:80px\"><\/div>\n\n\n\n<p><\/p>\n","protected":false},"excerpt":{"rendered":"<p>Hainau ist eine kleine, idyllisch gelegene Ortsgemeinde im Rhein-Lahn-Kreis mit rund 170 Einwohnern und geh\u00f6rt zur Verbandsgemeinde Nast\u00e4tten. Kindergarten und Grundschule befinden sich ca. 4km entfernt im Nachbarort Miehlen. Weiterf\u00fchrende Schulen gibt es im ca. 8km entfernten Nast\u00e4tten. Dort finden sich auch alle Einkaufsm\u00f6glichkeiten f\u00fcr den t\u00e4glichen Bedarf und Einrichtungen der medizinischen Versorgung wie Krankenhaus, [&hellip;]<\/p>\n","protected":false},"author":2,"featured_media":0,"parent":0,"menu_order":0,"comment_status":"closed","ping_status":"closed","template":"","meta":{"jetpack_post_was_ever_published":true,"_mc_calendar":[],"footnotes":""},"class_list":["post-3855","page","type-page","status-publish","czr-hentry"],"jetpack_shortlink":"https:\/\/wp.me\/P5VSUL-10b","jetpack_sharing_enabled":true,"_links":{"self":[{"href":"https:\/\/hainau.de\/index.php?rest_route=\/wp\/v2\/pages\/3855","targetHints":{"allow":["GET"]}}],"collection":[{"href":"https:\/\/hainau.de\/index.php?rest_route=\/wp\/v2\/pages"}],"about":[{"href":"https:\/\/hainau.de\/index.php?rest_route=\/wp\/v2\/types\/page"}],"author":[{"embeddable":true,"href":"https:\/\/hainau.de\/index.php?rest_route=\/wp\/v2\/users\/2"}],"replies":[{"embeddable":true,"href":"https:\/\/hainau.de\/index.php?rest_route=%2Fwp%2Fv2%2Fcomments&post=3855"}],"version-history":[{"count":104,"href":"https:\/\/hainau.de\/index.php?rest_route=\/wp\/v2\/pages\/3855\/revisions"}],"predecessor-version":[{"id":5297,"href":"https:\/\/hainau.de\/index.php?rest_route=\/wp\/v2\/pages\/3855\/revisions\/5297"}],"wp:attachment":[{"href":"https:\/\/hainau.de\/index.php?rest_route=%2Fwp%2Fv2%2Fmedia&parent=3855"}],"curies":[{"name":"wp","href":"https:\/\/api.w.org\/{rel}","templated":true}]}}