{"id":2796,"date":"2019-05-13T23:10:14","date_gmt":"2019-05-13T21:10:14","guid":{"rendered":"http:\/\/wordpress.hainau.de\/?page_id=2796"},"modified":"2019-05-13T23:10:15","modified_gmt":"2019-05-13T21:10:15","slug":"nutzungsbedingungen-gaeste-wlan-og-hainau","status":"publish","type":"page","link":"https:\/\/hainau.de\/?page_id=2796","title":{"rendered":"Nutzungsbedingungen G\u00e4ste-WLAN OG Hainau"},"content":{"rendered":"\n<h2 class=\"wp-block-heading\"><\/h2>\n\n\n\n<p><strong>1. Gegenstand und Geltungsbereich dieser\nNutzungsbedingungen<\/strong><\/p>\n\n\n\n<p>Diese\nNutzungsbedingungen regeln Ihre und unsere Rechte und Pflichten im Zusammenhang\nmit der Nutzung unseres G\u00e4ste-WLAN-Zugangs. <\/p>\n\n\n\n<p><strong>2. Unsere Leistungen<\/strong><\/p>\n\n\n\n<p>(1) Wir\nstellen Ihnen in unserem Dorfgemeinschaftshaus einen Zugang zum Internet in\nForm eines WLAN-Zugangs (\u201eHotspot\u201c) zur kostenlosen Nutzung zur Verf\u00fcgung.<\/p>\n\n\n\n<p>(2) Die\nBereitstellung des Hotspots richtet sich nach unseren jeweiligen technischen\nund betrieblichen M\u00f6glichkeiten. Ein Anspruch auf einen funktionsf\u00e4higen\nHotspot oder eine bestimmte \u00f6rtliche Abdeckung des Hotspots besteht nicht.<\/p>\n\n\n\n<p>(3) Wir\ngew\u00e4hrleisten ferner nicht, dass der Hotspot st\u00f6rungs- und unterbrechungsfrei\ngenutzt werden kann. Auch k\u00f6nnen wir keine \u00dcbertragungsgeschwindigkeiten\ngew\u00e4hrleisten. <\/p>\n\n\n\n<p>(4) Wir\nbehalten uns das Recht vor, den Zugang zum Hotspot im Falle notwendiger\ntechnischer Reparatur- und Wartungsarbeiten ohne vorherige Ank\u00fcndigung zu\n\u00e4ndern, zu beschr\u00e4nken oder einzustellen. <\/p>\n\n\n\n<p>(5) Es\nbesteht kein Anspruch darauf, dass bestimmte Dienste \u00fcber den Hotspot genutzt\nwerden k\u00f6nnen. So k\u00f6nnen insbesondere Port-Sperrungen vorgenommen werden. In\nder Regel wird das Surfen im Internet und das Senden und Empfangen von E-Mails\nerm\u00f6glicht.<\/p>\n\n\n\n<p><strong>3. Zugang und Nutzung<\/strong><\/p>\n\n\n\n<p>(1) Wir\nbieten unser G\u00e4ste-WLAN nur f\u00fcr Besucher unseres Dorfgemeinschaftshauses an. Es\nhandelt sich nicht um einen \u00f6ffentlich zug\u00e4nglichen Telekommunikationsdienst,\nsondern um ein internes WLAN f\u00fcr G\u00e4ste unseres Dorfgemeinschaftshauses.<\/p>\n\n\n\n<p>(2)\nVoraussetzung f\u00fcr eine Nutzung ist, dass Sie sich zuvor f\u00fcr die Nutzung des\nHotspots registrieren und\/oder die Geltung dieser Nutzungsbedingungen zu Beginn\nder Nutzung des Hotspots akzeptieren. Dies kann bei Auswahl des Hotspots als\nWLAN-Netz im Endger\u00e4t in der Regel \u00fcber ein dann abrufbares\nRegistrierungsformular oder eine Begr\u00fc\u00dfungsseite erfolgen. <\/p>\n\n\n\n<p>(3) Es\nbesteht kein Anspruch auf Nutzung des Hotspots. Uns steht es frei, den Zugang\nzum Hotspot jederzeit ohne Angabe von Gr\u00fcnden einzuschr\u00e4nken oder einzustellen.<\/p>\n\n\n\n<p>(4) Es gilt\ndie jeweils aktuelle Fassung dieser Nutzungsbedingungen, die Ihnen bei der\nAnmeldung zum Hotspot abrufbar gemacht wird.<\/p>\n\n\n\n<p><strong>4. Zugangsdaten<\/strong><\/p>\n\n\n\n<p>(1) Sofern\nSie im Zuge einer Registrierung Anmelde-Daten (wie z.B. Benutzername, Passwort,\nE-Mail etc.) angegeben haben, sind diese von Ihnen geheim zu halten und\nunbefugten Dritten nicht zug\u00e4nglich zu machen. <\/p>\n\n\n\n<p>(2) Sollten\nSie Registrierungsdaten erhalten haben, haben Sie sicher zu stellen, dass der\nZugang zu und die Nutzung des Hotspots mit Ihren Benutzerdaten ausschlie\u00dflich\ndurch Sie als Nutzer erfolgt. Sofern Tatsachen vorliegen, die die Annahme\nbegr\u00fcnden, dass unbefugte Dritte von Ihren Zugangsdaten Kenntnis erlangt haben\noder erlangen werden, m\u00fcssen Sie uns unverz\u00fcglich informieren.<\/p>\n\n\n\n<p>(3) Sie\nhaften als Nutzer f\u00fcr jedwede Nutzung und\/oder sonstige Aktivit\u00e4t, die unter\nIhren Zugangsdaten ausgef\u00fchrt wird, nach den gesetzlichen Bestimmungen.<\/p>\n\n\n\n<p><strong>5. Ihre Pflichten als Nutzer<\/strong><\/p>\n\n\n\n<p>(1) Sie sind\nverpflichtet, etwaige Informationen, die im Rahmen der Nutzung des Dienstes von\nIhnen zu ihrer Person angegeben werden, wahrheitsgem\u00e4\u00df zu machen. <\/p>\n\n\n\n<p>(2) Sie sind\nverpflichtet, bei der Nutzung unseres Hotspots die geltenden Gesetze\neinzuhalten.<\/p>\n\n\n\n<p>(3) Weitere\nPflichten, die sich aus anderen Bestimmungen dieser Nutzungsbedingungen\nergeben, bleiben unber\u00fchrt.<\/p>\n\n\n\n<p><strong>6. Preise<\/strong><\/p>\n\n\n\n<p>Der Dienst\nwird kostenlos erbracht.<\/p>\n\n\n\n<p><strong>7. Verf\u00fcgbarkeit der Leistungen<\/strong><\/p>\n\n\n\n<p>Da unsere\nLeistungen unentgeltlich erbracht werden, haben Sie keinen Anspruch auf Nutzung\ndes Hotspots. Wir bem\u00fchen uns jedoch um eine m\u00f6glichst unterbrechungsfreie\nNutzbarkeit des Hotspots.<\/p>\n\n\n\n<p><strong>8. Verbotene Handlungen<\/strong><\/p>\n\n\n\n<p>Ihnen sind\nals Nutzer jegliche Handlungen bei der Nutzung des Hotspots untersagt, die\ngegen geltendes Recht versto\u00dfen, Rechte Dritter verletzen oder gegen die\nGrunds\u00e4tze des Jugendschutzes versto\u00dfen. Insbesondere sind folgende Handlungen\nuntersagt:<\/p>\n\n\n\n<ul class=\"wp-block-list\"><li>das Einstellen, die Verbreitung,\n     das Angebot und die Bewerbung pornografischer, gegen Jugendschutzgesetze,\n     gegen Datenschutzrecht und\/oder gegen sonstiges Recht versto\u00dfender\n     und\/oder betr\u00fcgerischer Inhalte, Dienste und\/oder Produkte;<\/li><li>die Ver\u00f6ffentlichung oder\n     Zug\u00e4nglichmachung von Inhalten, durch die andere Teilnehmer oder Dritte\n     beleidigt oder verleumdet werden;<\/li><li>die Nutzung, das Bereitstellen\n     und das Verbreiten von Inhalten, Diensten und\/oder Produkten, die\n     gesetzlich gesch\u00fctzt oder mit Rechten Dritter (z.B. Urheberrechte)\n     belastet sind, ohne hierzu ausdr\u00fccklich berechtigt zu sein;<\/li><li>die \u00f6ffentliche\n     Zug\u00e4nglichmachung von urheberrechtlich gesch\u00fctzten Werken oder sonstige\n     urheberrechtswidrige Handlungen, insbesondere bei der Nutzung von sog.\n     \u201eInternet-Tauschb\u00f6rsen\u201c oder File-Sharing-Diensten.<\/li><\/ul>\n\n\n\n<p>Des Weiteren\nsind auch unabh\u00e4ngig von einem eventuellen Gesetzesversto\u00df bei der Einstellung\neigener Inhalte auf der Internetseite des Diensteanbieters sowie bei der\nKommunikation mit anderen Nutzern (z.B. durch Versendung pers\u00f6nlicher\nMitteilungen, durch die Teilnahme an Diskussionsforen etc.) die folgenden\nAktivit\u00e4ten untersagt:<\/p>\n\n\n\n<ul class=\"wp-block-list\"><li>die \u00dcbertragung\n     \u00fcberdurchschnittlich gro\u00dfer Datenmengen und insbesondere die anhaltende\n     \u00dcbertragung solcher Datenmengen;<\/li><li>das Hosting eines Web-Servers\n     oder anderer Server durch Nutzung eines Hotspots des Diensteanbieters;<\/li><li>die \u00c4nderung der vorgegebenen\n     DNS-Server in den Netzwerkeinstellungen des Hotspots des Diensteanbieters;<\/li><li>die Versendung von Junk- oder\n     Spam-Mails sowie von Kettenbriefen;<\/li><li>die Verbreitung von Viren,\n     Trojanern und anderen sch\u00e4dlichen Dateien;<\/li><li>die Verbreitung anz\u00fcglicher,\n     anst\u00f6\u00dfiger, sexuell gepr\u00e4gter, obsz\u00f6ner oder diffamierender Inhalte bzw.\n     Kommunikation sowie solcher Inhalte bzw. Kommunikation die geeignet\n     sind\/ist, Rassismus, Fanatismus, Hass, k\u00f6rperliche Gewalt oder\n     rechtswidrige Handlungen zu f\u00f6rdern bzw. zu unterst\u00fctzen (jeweils explizit\n     oder implizit);<\/li><li>die Aufforderung anderer Nutzer\n     oder Dritter zur Preisgabe von Kennw\u00f6rtern oder personenbezogener Daten\n     f\u00fcr kommerzielle oder rechts- bzw. gesetzeswidrige Zwecke.<\/li><\/ul>\n\n\n\n<p>Ebenfalls\nuntersagt ist jede Handlung, die geeignet ist, den reibungslosen Betrieb\nunseres Hotspots zu beeintr\u00e4chtigen, insbesondere unsere Systeme\nunverh\u00e4ltnism\u00e4\u00dfig hoch zu belasten.<\/p>\n\n\n\n<p><strong>9. Sperrung von Zug\u00e4ngen<\/strong><\/p>\n\n\n\n<p>Wir k\u00f6nnen\nIhren Zugang zum Hotspot jederzeit vor\u00fcbergehend oder dauerhaft sperren, wenn\nkonkrete Anhaltspunkte vorliegen, dass Sie gegen diese Nutzungsbedingungen\nund\/oder geltendes Recht versto\u00dfen, versto\u00dfen haben oder wenn wir ein sonstiges\nberechtigtes Interesse an der Sperrung haben.<\/p>\n\n\n\n<p><strong>10. Haftungsfreistellung<\/strong><\/p>\n\n\n\n<p>(1) Sie sind\nals Nutzer f\u00fcr alle ihre Handlungen, die Sie im Zusammenhang mit der Nutzung\ndes Internets \u00fcber unseren Hotspot vornehmen, selbst verantwortlich.<\/p>\n\n\n\n<p>(2) Sie\nstellen uns von s\u00e4mtlichen Forderungen, die Dritte gegen uns wegen eines\nVersto\u00dfes des Nutzers gegen gesetzliche Vorschriften, gegen Rechte Dritter\n(insbesondere Pers\u00f6nlichkeits-, Urheber- und Markenrechte) oder gegen\nvertragliche Pflichten, Zusicherungen oder Garantien geltend machen,\neinschlie\u00dflich der Kosten der notwendigen Rechtsverteidigung (Rechtsanwalts-\nund Gerichtskosten in gesetzlicher H\u00f6he) auf erstes Anfordern frei.<\/p>\n\n\n\n<p>(3) Sie sind\nverpflichtet, im Falle der Geltendmachung von Anspr\u00fcchen im Sinne von Ziff. 10\nAbsatz 2 unverz\u00fcglich und vollst\u00e4ndig bei der Sachverhaltsaufkl\u00e4rung\nmitzuwirken und uns die hierzu erforderlichen Angaben in geeigneter Weise\nzug\u00e4nglich zu machen.<\/p>\n\n\n\n<p><strong>11. Haftungsbeschr\u00e4nkung<\/strong><\/p>\n\n\n\n<p>(1) Wir\nhaften bei Vorsatz oder grober Fahrl\u00e4ssigkeit f\u00fcr alle von uns verursachten\nSch\u00e4den unbeschr\u00e4nkt.<\/p>\n\n\n\n<p>(2) Bei\nleichter Fahrl\u00e4ssigkeit haften wir im Fall der Verletzung des Lebens, des\nK\u00f6rpers oder der Gesundheit unbeschr\u00e4nkt.<\/p>\n\n\n\n<p>(3) Im\n\u00dcbrigen haften wir nur, soweit wir eine wesentliche Vertragspflicht verletzt\nhaben. Als wesentliche Vertragspflichten werden dabei abstrakt solche Pflichten\nbezeichnet, deren Erf\u00fcllung die ordnungsgem\u00e4\u00dfe Durchf\u00fchrung des Vertrages\n\u00fcberhaupt erst erm\u00f6glicht und auf deren Einhaltung der Nutzer regelm\u00e4\u00dfig\nvertrauen darf. In diesen F\u00e4llen ist die Haftung auf den Ersatz des\nvorhersehbaren, typischerweise eintretenden Schadens beschr\u00e4nkt. <\/p>\n\n\n\n<p>(4) Soweit\nunsere Haftung nach den vorgenannten Vorschriften ausgeschlossen oder\nbeschr\u00e4nkt wird, gilt dies auch f\u00fcr unsere Erf\u00fcllungsgehilfen.<\/p>\n\n\n\n<p>(5) Die\nHaftung nach dem Produkthaftungsgesetz bleibt unber\u00fchrt.<\/p>\n\n\n\n<p><strong>12. Datenschutz<\/strong><\/p>\n\n\n\n<p>(1) Wir\ntragen Sorge daf\u00fcr, dass Ihre personenbezogenen Daten nur erhoben, gespeichert\nund verarbeitet werden, soweit dies zur vertragsgem\u00e4\u00dfen Leistungserbringung\nerforderlich und durch gesetzliche Vorschriften erlaubt, oder vom Gesetzgeber\nangeordnet ist.<\/p>\n\n\n\n<p>(2) F\u00fcr den\nFall, dass im Rahmen der Nutzung unserer Leistungen datenschutzrechtliche\nEinwilligungserkl\u00e4rungen von Ihnen eingeholt werden, wird darauf hingewiesen,\ndass Sie diese jederzeit mit Wirkung f\u00fcr die Zukunft widerrufen k\u00f6nnen.<\/p>\n\n\n\n<p>(3) Um die\nLeistungen des Hotspots f\u00fcr Sie zu erbringen, ist die Verwendung von\npersonenbezogenen Daten Ihres Endger\u00e4tes erforderlich. In dem Zusammenhang\nwerden ggf. auch die MAC-Adressen von Endger\u00e4ten tempor\u00e4r gespeichert. Ferner\nwerden wir ggf. Protokolldaten (\u201eLogfiles\u201c) \u00fcber Art und Umfang der Nutzung der\nDienstleistungen f\u00fcr 7 Tage speichern. Diese Daten k\u00f6nnen nicht unmittelbar\nIhrer Person zugeordnet werden.<\/p>\n\n\n\n<p><strong>13. Schlussbestimmungen<\/strong><\/p>\n\n\n\n<p>(1) Es gilt\ndas Recht der Bundesrepublik Deutschland, wobei die Geltung des UN-Kaufrechts\nausgeschlossen wird.<\/p>\n\n\n\n<p>(2) Wenn Sie\nKaufmann, juristische Person des \u00f6ffentlichen Rechts oder\n\u00f6ffentlich-rechtliches Sonderverm\u00f6gen sind, so ist unser Sitz ausschlie\u00dflicher\nGerichtsstand f\u00fcr alle Streitigkeiten aus dem Vertragsverh\u00e4ltnis.<\/p>\n\n\n\n<p>(3) Sollten\neinzelne Bestimmungen dieser Nutzungsbedingungen unwirksam sein oder werden, so\nber\u00fchrt dies die Wirksamkeit der \u00fcbrigen Bestimmungen nicht.\n\n\n\n\n\n_<\/p>\n","protected":false},"excerpt":{"rendered":"<p>1. Gegenstand und Geltungsbereich dieser Nutzungsbedingungen Diese Nutzungsbedingungen regeln Ihre und unsere Rechte und Pflichten im Zusammenhang mit der Nutzung unseres G\u00e4ste-WLAN-Zugangs. 2. Unsere Leistungen (1) Wir stellen Ihnen in unserem Dorfgemeinschaftshaus einen Zugang zum Internet in Form eines WLAN-Zugangs (\u201eHotspot\u201c) zur kostenlosen Nutzung zur Verf\u00fcgung. (2) Die Bereitstellung des Hotspots richtet sich nach unseren [&hellip;]<\/p>\n","protected":false},"author":2,"featured_media":0,"parent":0,"menu_order":0,"comment_status":"closed","ping_status":"closed","template":"","meta":{"jetpack_post_was_ever_published":false,"_mc_calendar":[],"footnotes":""},"class_list":["post-2796","page","type-page","status-publish","czr-hentry"],"jetpack_shortlink":"https:\/\/wp.me\/P5VSUL-J6","jetpack_sharing_enabled":true,"_links":{"self":[{"href":"https:\/\/hainau.de\/index.php?rest_route=\/wp\/v2\/pages\/2796","targetHints":{"allow":["GET"]}}],"collection":[{"href":"https:\/\/hainau.de\/index.php?rest_route=\/wp\/v2\/pages"}],"about":[{"href":"https:\/\/hainau.de\/index.php?rest_route=\/wp\/v2\/types\/page"}],"author":[{"embeddable":true,"href":"https:\/\/hainau.de\/index.php?rest_route=\/wp\/v2\/users\/2"}],"replies":[{"embeddable":true,"href":"https:\/\/hainau.de\/index.php?rest_route=%2Fwp%2Fv2%2Fcomments&post=2796"}],"version-history":[{"count":1,"href":"https:\/\/hainau.de\/index.php?rest_route=\/wp\/v2\/pages\/2796\/revisions"}],"predecessor-version":[{"id":2797,"href":"https:\/\/hainau.de\/index.php?rest_route=\/wp\/v2\/pages\/2796\/revisions\/2797"}],"wp:attachment":[{"href":"https:\/\/hainau.de\/index.php?rest_route=%2Fwp%2Fv2%2Fmedia&parent=2796"}],"curies":[{"name":"wp","href":"https:\/\/api.w.org\/{rel}","templated":true}]}}