{"id":2524,"date":"2018-06-26T23:32:10","date_gmt":"2018-06-26T21:32:10","guid":{"rendered":"http:\/\/wordpress.hainau.de\/?page_id=2524"},"modified":"2024-07-30T15:27:26","modified_gmt":"2024-07-30T13:27:26","slug":"datenschutzerklaerung","status":"publish","type":"page","link":"https:\/\/hainau.de\/?page_id=2524","title":{"rendered":"Datenschutzerkl\u00e4rung"},"content":{"rendered":"<h2><strong>Wer wir sind<\/strong><\/h2>\n<p>Verantwortlicher im Sinne der Datenschutz-Grundverordnung, sonstiger in den Mitgliedstaaten der Europ\u00e4ischen Union geltenden Datenschutzgesetze und anderer Bestimmungen mit datenschutzrechtlichem Charakter ist die:<\/p>\n<p>Gemeinde Hainau<\/p>\n<p>Hauptstrasse 9a<\/p>\n<p>56357 Hainau<\/p>\n<p>Tel: 06772-6064<\/p>\n<p>E-Mail: <a href=\"mailto:buergermeister@hainau.de\">buergermeister@hainau.de<\/a><\/p>\n<p>Die Adresse unserer Website ist: http:\/\/wordpress.hainau.de.<\/p>\n<h2><strong>Welche personenbezogenen Daten wir sammeln und warum wir sie sammeln<\/strong><\/h2>\n<h3><strong>Kontaktformulare<\/strong><\/h3>\n<p>Wenn Sie eines der auf unserer Website zur Verf\u00fcgung gestellten\u00a0 Kontaktformulare nutzen, werden die Daten, die Sie eintragen, und zus\u00e4tzlich Ihre IP-Adresse, Ihr Internet-Service Provider, Zeit und Datum der Absendung, Ihre Absender-E-Mail Adresse, und die Adresse unserer Website \u00a0in der Datenbank der Website gespeichert und an den Empf\u00e4nger der Nachricht gesendet.<\/p>\n<h3><strong>Abonnement der \u201eNeuesten Nachrichten\u201c<\/strong><\/h3>\n<p>Wenn Sie die \u201eNeuesten Nachrichten\u201c auf der Seite \u201eAktuelles\u201c abonnieren, werden Ihre E-Mail-Adresse, die ID der von Ihnen abonnierten Nachrichten gespeichert. Zus\u00e4tzlich wird ein Funktionscookie f\u00fcr 347 Tage gesetzt, in dem gespeichert ist, dass Sie \u201eAktuelles\u201c abonniert haben.<\/p>\n<h3><strong>Statistik<\/strong><\/h3>\n<p>Unsere Website erhebt Daten, um eine Statistik \u00fcber ihre Nutzung zu erstellen. Dazu geh\u00f6ren die IP-Adresse der Nutzer, ID und Nutzername ihres WordPress.com Kontos (sofern sie dort angemeldet sind), Internet-Service-Provider, die Adresse der besuchten Website, die Adresse der Website von der der Nutzer zu unserer Website geleitet wurde (Referrer), Zeit und Datum, eingestellte Sprache des benutzten Browsers und der Landes-Code. Dabei ist es f\u00fcr die Gemeinde Hainau nicht m\u00f6glich, auf diese Informationen zuzugreifen. Ihr wird lediglich die statistische Auswertung ohne die Basisdaten zur Verf\u00fcgung gestellt. Die Basisdaten werden ausschlie\u00dflich f\u00fcr den Zweck der Statistik genutzt und nach 28 Tagen gel\u00f6scht. Die Statistik steht ausschlie\u00dflich der Gemeinde Hainau als Betreiber der Website zur Verf\u00fcgung.<\/p>\n<p>Folgende Aktivit\u00e4ten werden ausgewertet: besuchte Beitr\u00e4ge und Seiten, abgespielte Videos (sofern vorhanden), Clicks auf Links zu anderen Seiten, Referrer, und Suchmaschineneingaben, die zu unserer Website gef\u00fchrt haben.<\/p>\n<h3><strong>Cookies<\/strong><\/h3>\n<p>Zur Gestaltung unserer Website und zur Verwaltung ihrer Inhalte benutzen wir das System \u201eWordpress\u201c. Dieses setzt\u00a0 f\u00fcr verschiedene Zwecke sogenannte \u201eCookies\u201c ein, kleine Text-Dateien, die bestimmte Informationen \u00fcber die Nutzung beinhalten und auf dem Ger\u00e4t des Nutzers gespeichert werden, wenn unsere Seite aufgerufen wird oder bestimmte Funktionen darin aufgerufen werden. Details dazu finden Sie <a href=\"https:\/\/automattic.com\/cookies\/\" target=\"_blank\" rel=\"noopener\">hier&#8230;<\/a><\/p>\n<p>Sie sorgen daf\u00fcr, die Inhalte unserer Internetseite korrekt auszuliefern, und f\u00fcr den Nutzer ein gleichbleibendes Erscheinungsbild zu gew\u00e4hrleisten. Beim Aufruf unserer Seite werden Sie darauf hingewiesen, dass Sie durch die weitere Nutzung dem Einsatz von Cookies zustimmen.<\/p>\n<h3><strong>Eingebettete Inhalte von anderen Websites<\/strong><\/h3>\n<p>Beitr\u00e4ge auf dieser Website k\u00f6nnen eingebettete Inhalte beinhalten (z.\u00a0B. Videos, Bilder, Beitr\u00e4ge etc.). Eingebettete Inhalte von anderen Websites verhalten sich exakt so, als ob der Besucher die andere Website besucht h\u00e4tte.<\/p>\n<p>Diese Websites k\u00f6nnen Daten \u00fcber Nutzer sammeln, Cookies benutzen, zus\u00e4tzliche Tracking-Dienste von Dritten einbetten und ihre Interaktion mit diesem eingebetteten Inhalt aufzeichnen, inklusive ihrer Interaktion mit dem eingebetteten Inhalt, falls sie ein Konto haben und auf dieser Website angemeldet sind.<\/p>\n<h2><\/h2>\n<h2><\/h2>\n<h2><strong>Wie lange wir Ihre Daten speichern<\/strong><\/h2>\n<p>Alle Daten, die Nutzer uns auf unserer Website zur Verf\u00fcgung stellen, werden sp\u00e4testens nach 1 Jahr gel\u00f6scht. Davon sind nur Daten ausgenommen, die aufgrund gesetzlicher Anforderungen oder zur Erreichung des Speicherungszwecks (z.B. Abonnement) l\u00e4nger gespeichert werden m\u00fcssen.<\/p>\n<h2><\/h2>\n<h2><\/h2>\n<h2><strong>Welche Rechte Sie an Ihren Daten haben<\/strong><\/h2>\n<p>Sie haben das Recht, von der Gemeinde Hainau unentgeltliche Auskunft \u00fcber die zu Ihrer Person auf unserer Website gespeicherten personenbezogenen Daten und eine Kopie dieser Auskunft zu erhalten.<\/p>\n<p>Sie k\u00f6nnen jederzeit die L\u00f6schung aller personenbezogenen Daten, die wir von Ihnen gespeichert haben, ohne Angabe von Gr\u00fcnden durch Mitteilung an die Gemeinde Hainau verlangen. Dies umfasst nicht die Daten, die wir aufgrund administrativer, rechtlicher oder sicherheitsrelevanter Notwendigkeiten aufbewahren m\u00fcssen.<\/p>\n<h2><\/h2>\n<h2><\/h2>\n<h2><strong>Keine Abmahnung ohne vorherigen Kontakt<\/strong><\/h2>\n<p>Sollte der Inhalt oder die Aufmachung dieser Internetseite gesetzliche Bestimmungen oder fremde Rechte Dritter verletzen, so bitten wir um eine entsprechende Benachrichtigung ohne Kostennote. Wir garantieren, dass die zu Recht beanstandeten Passagen unverz\u00fcglich entfernt werden, ohne das von ihrer Seite die Einschaltung eines Rechtsbeistandes erforderlich ist. Dennoch von Ihnen ohne vorherige Kontaktaufnahme ausgel\u00f6ste Kosten werden wir vollumf\u00e4nglich zur\u00fcckweisen und gegebenenfalls Gegenklage wegen Verletzung vorgenannter Erkl\u00e4rung einreichen.<\/p>\n","protected":false},"excerpt":{"rendered":"<p>Wer wir sind Verantwortlicher im Sinne der Datenschutz-Grundverordnung, sonstiger in den Mitgliedstaaten der Europ\u00e4ischen Union geltenden Datenschutzgesetze und anderer Bestimmungen mit datenschutzrechtlichem Charakter ist die: Gemeinde Hainau Hauptstrasse 9a 56357 Hainau Tel: 06772-6064 E-Mail: buergermeister@hainau.de Die Adresse unserer Website ist: http:\/\/wordpress.hainau.de. Welche personenbezogenen Daten wir sammeln und warum wir sie sammeln Kontaktformulare Wenn Sie eines [&hellip;]<\/p>\n","protected":false},"author":2,"featured_media":0,"parent":0,"menu_order":0,"comment_status":"closed","ping_status":"closed","template":"","meta":{"jetpack_post_was_ever_published":false,"_mc_calendar":[],"footnotes":""},"class_list":["post-2524","page","type-page","status-publish","czr-hentry"],"jetpack_shortlink":"https:\/\/wp.me\/P5VSUL-EI","jetpack_sharing_enabled":true,"_links":{"self":[{"href":"https:\/\/hainau.de\/index.php?rest_route=\/wp\/v2\/pages\/2524","targetHints":{"allow":["GET"]}}],"collection":[{"href":"https:\/\/hainau.de\/index.php?rest_route=\/wp\/v2\/pages"}],"about":[{"href":"https:\/\/hainau.de\/index.php?rest_route=\/wp\/v2\/types\/page"}],"author":[{"embeddable":true,"href":"https:\/\/hainau.de\/index.php?rest_route=\/wp\/v2\/users\/2"}],"replies":[{"embeddable":true,"href":"https:\/\/hainau.de\/index.php?rest_route=%2Fwp%2Fv2%2Fcomments&post=2524"}],"version-history":[{"count":10,"href":"https:\/\/hainau.de\/index.php?rest_route=\/wp\/v2\/pages\/2524\/revisions"}],"predecessor-version":[{"id":5015,"href":"https:\/\/hainau.de\/index.php?rest_route=\/wp\/v2\/pages\/2524\/revisions\/5015"}],"wp:attachment":[{"href":"https:\/\/hainau.de\/index.php?rest_route=%2Fwp%2Fv2%2Fmedia&parent=2524"}],"curies":[{"name":"wp","href":"https:\/\/api.w.org\/{rel}","templated":true}]}}