{"id":152,"date":"2015-03-19T17:44:27","date_gmt":"2015-03-19T16:44:27","guid":{"rendered":"http:\/\/wordpress.hainau.de\/?page_id=152"},"modified":"2024-07-14T12:27:25","modified_gmt":"2024-07-14T10:27:25","slug":"vereine-2","status":"publish","type":"page","link":"https:\/\/hainau.de\/?page_id=152","title":{"rendered":"Vereine"},"content":{"rendered":"\n<p>In Hainau gibt es 3&nbsp;aktive Vereine, die verschiedene Angebote zur Freizeitgestaltung machen und mit vielen Aktivit\u00e4ten zum Leben in der Dorfgemeinschaft beitragen.<\/p>\n\n\n\n<h3 class=\"wp-block-heading\">Freiwillige Feuerwehr<\/h3>\n\n\n\n<p><strong>Kontakt<\/strong><\/p>\n\n\n\n<p>Ralf Elenz<b><br><\/b>Br\u00fchlstrasse 15<br>56357 Hainau<br><b>Tel:<\/b> 0179 2805925<br><b>E-Mail:<\/b> wehrfuehrung@feuerwehr-hainau.com<\/p>\n\n\n\n<p>Die Freiwillige Feuerwehr&nbsp;Hainau wurde im Jahre 1934 gegr\u00fcndet&nbsp;und&nbsp;l\u00f6ste eine&nbsp;Pflichtfeuerwehr ab, die es bereits seit 1912 gab. Im Laufe der Jahre wurde die technische Ausr\u00fcstung stetig erweitert und seit 1976 steht ein eigenes L\u00f6schfahrzeug zur Verf\u00fcgung.<\/p>\n\n\n\n<p>Die wichtigste Aufgabe der Freiwilligen Feuerwehr ist nat\u00fcrlich die Brandbek\u00e4mpfung, die sie im Verbund mit den Feuerwehren der anderen Ortsgemeinden der Verbandsgemeinde Nast\u00e4tten wahrnimmt. Dar\u00fcberhinaus leistet sie aber auch technische Hilfe z.B. bei Hochwasser. Als feste Institution des Dorflebens unterst\u00fctzt sie zudem mit ihren Mitgliedern allf\u00e4llige Arbeiten in der Gemeinde und richtet verschiedene Veranstaltungen &#8211; wie das j\u00e4hrliche Dorffest &#8211; aus. Dabei wird sie vom F\u00f6rderverein tatkr\u00e4ftig unterst\u00fctzt.<\/p>\n\n\n\n<p><a class=\"btn btn-primary fp-button\" href=\"http:\/\/www.feuerwehr-hainau.de\/\" target=\"_blank\" rel=\"noopener noreferrer\">Zur Seite der FFW \u00bb<\/a><\/p>\n\n\n\n<hr class=\"wp-block-separator has-alpha-channel-opacity\"\/>\n\n\n\n<h3 class=\"wp-block-heading\">F\u00f6rderverein der Freiwilligen Feuerwehr<\/h3>\n\n\n\n<p><strong>Kontakt<\/strong><\/p>\n\n\n\n<p>F\u00f6rderverein der Freiwilligen Feuerwehr Hainau e.V.<br>Mario Baldewein<br>Friedhofsweg 1<br>56357 Hainau<br><b>Tel:<\/b> 06772-963515<br><b>E-Mail:<\/b> foerderverein@feuerwehr-hainau.com<\/p>\n\n\n\n<p>Der F\u00f6rderverein der Freiwilligen Feuerwehr Hainau e.V. wurde 1999 gegr\u00fcndet, um &#8222;das Feuerwehrwesen in der Gemeinde Hainau ideell und materiell zu unterst\u00fctzen&#8220;. Die finanzielle Unterst\u00fctzung der FFW ist dabei nat\u00fcrlich ein wichtiges Anliegen. Diese erm\u00f6glicht den Erhalt und die Weiterentwicklung der Ausr\u00fcstung als entscheidende Voraussetzung f\u00fcr einen wirksamen Brandschutz. Im Jahre 2012 wurde so durch den erheblichen Zuschu\u00df des F\u00f6rdervereins die Anschaffung des neuen Feuerwehrfahrzeugs mit modernster Ausr\u00fcstung erm\u00f6glicht.<\/p>\n\n\n\n<p><a class=\"btn btn-primary fp-button\" href=\"http:\/\/www.feuerwehr-hainau.de\/\" target=\"_blank\" rel=\"noopener noreferrer\">Zur Seite des F\u00f6rdervereins\u00bb<\/a><\/p>\n\n\n\n<hr class=\"wp-block-separator has-alpha-channel-opacity\"\/>\n\n\n\n<h3 class=\"wp-block-heading\">Trimm-Club Hainau e.V.<\/h3>\n\n\n\n<p><strong>Kontakt<\/strong><\/p>\n\n\n\n<p>TC Hainau<b><br><\/b>Br\u00fchlstra\u00dfe 9a<br>56357 Hainau<\/p>\n\n\n\n<p>Der Trimm-Club Hainau e.V. wurde 1979 gegr\u00fcndet.&nbsp;Neben Gymnastik- und Turngruppen bietet er Tischtennis und Tennis&nbsp;an und betreibt seit 1987 eine Tennisanlage mit 2 Pl\u00e4tzen. Mit seinen zur Zeit&nbsp;90&nbsp;Mitgliedern richtet er \u00fcberdies mehrere Veranstaltungen f\u00fcr die Dorfgemeinschaft aus.<\/p>\n\n\n\n<p><a class=\"btn btn-primary fp-button\" href=\"http:\/\/www.tc-hainau.de\/\" target=\"_blank\" rel=\"noopener noreferrer\">Zur Seite Trimmclubs\u00bb<\/a><\/p>\n\n\n\n<hr class=\"wp-block-separator has-alpha-channel-opacity\"\/>\n","protected":false},"excerpt":{"rendered":"<p>In Hainau gibt es 3&nbsp;aktive Vereine, die verschiedene Angebote zur Freizeitgestaltung machen und mit vielen Aktivit\u00e4ten zum Leben in der Dorfgemeinschaft beitragen. Freiwillige Feuerwehr Kontakt Ralf ElenzBr\u00fchlstrasse 1556357 HainauTel: 0179 2805925E-Mail: wehrfuehrung@feuerwehr-hainau.com Die Freiwillige Feuerwehr&nbsp;Hainau wurde im Jahre 1934 gegr\u00fcndet&nbsp;und&nbsp;l\u00f6ste eine&nbsp;Pflichtfeuerwehr ab, die es bereits seit 1912 gab. Im Laufe der Jahre wurde die technische [&hellip;]<\/p>\n","protected":false},"author":2,"featured_media":0,"parent":0,"menu_order":5,"comment_status":"closed","ping_status":"closed","template":"","meta":{"jetpack_post_was_ever_published":false,"_mc_calendar":[],"footnotes":""},"class_list":["post-152","page","type-page","status-publish","czr-hentry"],"jetpack_shortlink":"https:\/\/wp.me\/P5VSUL-2s","jetpack_sharing_enabled":false,"_links":{"self":[{"href":"https:\/\/hainau.de\/index.php?rest_route=\/wp\/v2\/pages\/152","targetHints":{"allow":["GET"]}}],"collection":[{"href":"https:\/\/hainau.de\/index.php?rest_route=\/wp\/v2\/pages"}],"about":[{"href":"https:\/\/hainau.de\/index.php?rest_route=\/wp\/v2\/types\/page"}],"author":[{"embeddable":true,"href":"https:\/\/hainau.de\/index.php?rest_route=\/wp\/v2\/users\/2"}],"replies":[{"embeddable":true,"href":"https:\/\/hainau.de\/index.php?rest_route=%2Fwp%2Fv2%2Fcomments&post=152"}],"version-history":[{"count":85,"href":"https:\/\/hainau.de\/index.php?rest_route=\/wp\/v2\/pages\/152\/revisions"}],"predecessor-version":[{"id":4998,"href":"https:\/\/hainau.de\/index.php?rest_route=\/wp\/v2\/pages\/152\/revisions\/4998"}],"wp:attachment":[{"href":"https:\/\/hainau.de\/index.php?rest_route=%2Fwp%2Fv2%2Fmedia&parent=152"}],"curies":[{"name":"wp","href":"https:\/\/api.w.org\/{rel}","templated":true}]}}