{"id":1483,"date":"2015-09-27T23:41:17","date_gmt":"2015-09-27T21:41:17","guid":{"rendered":"http:\/\/wordpress.hainau.de\/?page_id=1483"},"modified":"2015-09-28T18:11:58","modified_gmt":"2015-09-28T16:11:58","slug":"tennisplaetze","status":"publish","type":"page","link":"https:\/\/hainau.de\/?page_id=1483","title":{"rendered":"Tennispl\u00e4tze"},"content":{"rendered":"<p>Die Ortsgemeinde Hainau hatte\u00a01986 mit dem Bau einer Tennisanlage mit 2 Pl\u00e4tzen begonnen, die am 30. Mai 1987 offiziell an den TC Hainau \u00fcbergeben und feierlich er\u00f6ffnet wurde. Ein Jahr darauf, im Mai 1988, konnte auch das Clubhaus fertiggestellt und an den TC Hainau \u00fcbergeben werden.<\/p>\n<p>Seitdem wird die Anlage intensiv von den Tennisbegeisterten des Ortes genutzt.<\/p>\n<p>&nbsp;<\/p>\n<div class=\"tiled-gallery type-rectangular tiled-gallery-unresized\" data-original-width=\"1170\" data-carousel-extra='{&quot;blog_id&quot;:1,&quot;permalink&quot;:&quot;https:\\\/\\\/hainau.de\\\/?page_id=1483&quot;,&quot;likes_blog_id&quot;:87677471}' itemscope itemtype=\"http:\/\/schema.org\/ImageGallery\" > <div class=\"gallery-row\" style=\"width: 1170px; height: 221px;\" data-original-width=\"1170\" data-original-height=\"221\" > <div class=\"gallery-group images-1\" style=\"width: 390px; height: 221px;\" data-original-width=\"390\" data-original-height=\"221\" > <div class=\"tiled-gallery-item tiled-gallery-item-large\" itemprop=\"associatedMedia\" itemscope itemtype=\"http:\/\/schema.org\/ImageObject\"> <meta itemprop=\"width\" content=\"386\"> <meta itemprop=\"height\" content=\"217\"> <img decoding=\"async\" class=\"\" data-attachment-id=\"1485\" data-orig-file=\"https:\/\/hainau.de\/wp-content\/uploads\/2015\/09\/P1010294.jpg\" data-orig-size=\"1920,1080\" data-comments-opened=\"\" data-image-meta=\"{&quot;aperture&quot;:&quot;4.5&quot;,&quot;credit&quot;:&quot;&quot;,&quot;camera&quot;:&quot;DMC-FZ8&quot;,&quot;caption&quot;:&quot;&quot;,&quot;created_timestamp&quot;:&quot;1443358770&quot;,&quot;copyright&quot;:&quot;&quot;,&quot;focal_length&quot;:&quot;6&quot;,&quot;iso&quot;:&quot;100&quot;,&quot;shutter_speed&quot;:&quot;0.005&quot;,&quot;title&quot;:&quot;&quot;,&quot;orientation&quot;:&quot;1&quot;}\" data-image-title=\"P1010294\" data-image-description=\"\" data-medium-file=\"https:\/\/hainau.de\/wp-content\/uploads\/2015\/09\/P1010294-300x169.jpg\" data-large-file=\"https:\/\/hainau.de\/wp-content\/uploads\/2015\/09\/P1010294-1024x576.jpg\" src=\"https:\/\/i0.wp.com\/hainau.de\/wp-content\/uploads\/2015\/09\/P1010294.jpg?w=386&#038;h=217&#038;ssl=1\" srcset=\"https:\/\/hainau.de\/wp-content\/uploads\/2015\/09\/P1010294.jpg 1920w, https:\/\/hainau.de\/wp-content\/uploads\/2015\/09\/P1010294-300x169.jpg 300w, https:\/\/hainau.de\/wp-content\/uploads\/2015\/09\/P1010294-1024x576.jpg 1024w\" width=\"386\" height=\"217\" loading=\"lazy\" data-original-width=\"386\" data-original-height=\"217\" itemprop=\"http:\/\/schema.org\/image\" title=\"P1010294\" alt=\"P1010294\" style=\"width: 386px; height: 217px;\" \/> <\/div> <\/div> <!-- close group --> <div class=\"gallery-group images-1\" style=\"width: 390px; height: 221px;\" data-original-width=\"390\" data-original-height=\"221\" > <div class=\"tiled-gallery-item tiled-gallery-item-large\" itemprop=\"associatedMedia\" itemscope itemtype=\"http:\/\/schema.org\/ImageObject\"> <meta itemprop=\"width\" content=\"386\"> <meta itemprop=\"height\" content=\"217\"> <img decoding=\"async\" class=\"\" data-attachment-id=\"1486\" data-orig-file=\"https:\/\/hainau.de\/wp-content\/uploads\/2015\/09\/P1010302.jpg\" data-orig-size=\"1920,1080\" data-comments-opened=\"\" data-image-meta=\"{&quot;aperture&quot;:&quot;5.6&quot;,&quot;credit&quot;:&quot;&quot;,&quot;camera&quot;:&quot;DMC-FZ8&quot;,&quot;caption&quot;:&quot;&quot;,&quot;created_timestamp&quot;:&quot;1443358859&quot;,&quot;copyright&quot;:&quot;&quot;,&quot;focal_length&quot;:&quot;6&quot;,&quot;iso&quot;:&quot;100&quot;,&quot;shutter_speed&quot;:&quot;0.004&quot;,&quot;title&quot;:&quot;&quot;,&quot;orientation&quot;:&quot;1&quot;}\" data-image-title=\"P1010302\" data-image-description=\"\" data-medium-file=\"https:\/\/hainau.de\/wp-content\/uploads\/2015\/09\/P1010302-300x169.jpg\" data-large-file=\"https:\/\/hainau.de\/wp-content\/uploads\/2015\/09\/P1010302-1024x576.jpg\" src=\"https:\/\/i0.wp.com\/hainau.de\/wp-content\/uploads\/2015\/09\/P1010302.jpg?w=386&#038;h=217&#038;ssl=1\" srcset=\"https:\/\/hainau.de\/wp-content\/uploads\/2015\/09\/P1010302.jpg 1920w, https:\/\/hainau.de\/wp-content\/uploads\/2015\/09\/P1010302-300x169.jpg 300w, https:\/\/hainau.de\/wp-content\/uploads\/2015\/09\/P1010302-1024x576.jpg 1024w\" width=\"386\" height=\"217\" loading=\"lazy\" data-original-width=\"386\" data-original-height=\"217\" itemprop=\"http:\/\/schema.org\/image\" title=\"P1010302\" alt=\"P1010302\" style=\"width: 386px; height: 217px;\" \/> <\/div> <\/div> <!-- close group --> <div class=\"gallery-group images-1\" style=\"width: 390px; height: 221px;\" data-original-width=\"390\" data-original-height=\"221\" > <div class=\"tiled-gallery-item tiled-gallery-item-large\" itemprop=\"associatedMedia\" itemscope itemtype=\"http:\/\/schema.org\/ImageObject\"> <meta itemprop=\"width\" content=\"386\"> <meta itemprop=\"height\" content=\"217\"> <img decoding=\"async\" class=\"\" data-attachment-id=\"1487\" data-orig-file=\"https:\/\/hainau.de\/wp-content\/uploads\/2015\/09\/P1010303.jpg\" data-orig-size=\"1920,1080\" data-comments-opened=\"\" data-image-meta=\"{&quot;aperture&quot;:&quot;4.5&quot;,&quot;credit&quot;:&quot;&quot;,&quot;camera&quot;:&quot;DMC-FZ8&quot;,&quot;caption&quot;:&quot;&quot;,&quot;created_timestamp&quot;:&quot;1443358946&quot;,&quot;copyright&quot;:&quot;&quot;,&quot;focal_length&quot;:&quot;6&quot;,&quot;iso&quot;:&quot;100&quot;,&quot;shutter_speed&quot;:&quot;0.004&quot;,&quot;title&quot;:&quot;&quot;,&quot;orientation&quot;:&quot;1&quot;}\" data-image-title=\"P1010303\" data-image-description=\"\" data-medium-file=\"https:\/\/hainau.de\/wp-content\/uploads\/2015\/09\/P1010303-300x169.jpg\" data-large-file=\"https:\/\/hainau.de\/wp-content\/uploads\/2015\/09\/P1010303-1024x576.jpg\" src=\"https:\/\/i0.wp.com\/hainau.de\/wp-content\/uploads\/2015\/09\/P1010303.jpg?w=386&#038;h=217&#038;ssl=1\" srcset=\"https:\/\/hainau.de\/wp-content\/uploads\/2015\/09\/P1010303.jpg 1920w, https:\/\/hainau.de\/wp-content\/uploads\/2015\/09\/P1010303-300x169.jpg 300w, https:\/\/hainau.de\/wp-content\/uploads\/2015\/09\/P1010303-1024x576.jpg 1024w\" width=\"386\" height=\"217\" loading=\"lazy\" data-original-width=\"386\" data-original-height=\"217\" itemprop=\"http:\/\/schema.org\/image\" title=\"P1010303\" alt=\"P1010303\" style=\"width: 386px; height: 217px;\" \/> <\/div> <\/div> <!-- close group --> <\/div> <!-- close row --> <div class=\"gallery-row\" style=\"width: 1170px; height: 331px;\" data-original-width=\"1170\" data-original-height=\"331\" > <div class=\"gallery-group images-1\" style=\"width: 585px; height: 331px;\" data-original-width=\"585\" data-original-height=\"331\" > <div class=\"tiled-gallery-item tiled-gallery-item-large\" itemprop=\"associatedMedia\" itemscope itemtype=\"http:\/\/schema.org\/ImageObject\"> <meta itemprop=\"width\" content=\"581\"> <meta itemprop=\"height\" content=\"327\"> <img decoding=\"async\" class=\"\" data-attachment-id=\"1488\" data-orig-file=\"https:\/\/hainau.de\/wp-content\/uploads\/2015\/09\/P1010307.jpg\" data-orig-size=\"1920,1080\" data-comments-opened=\"\" data-image-meta=\"{&quot;aperture&quot;:&quot;5.6&quot;,&quot;credit&quot;:&quot;&quot;,&quot;camera&quot;:&quot;DMC-FZ8&quot;,&quot;caption&quot;:&quot;&quot;,&quot;created_timestamp&quot;:&quot;1443358976&quot;,&quot;copyright&quot;:&quot;&quot;,&quot;focal_length&quot;:&quot;6&quot;,&quot;iso&quot;:&quot;100&quot;,&quot;shutter_speed&quot;:&quot;0.004&quot;,&quot;title&quot;:&quot;&quot;,&quot;orientation&quot;:&quot;1&quot;}\" data-image-title=\"P1010307\" data-image-description=\"\" data-medium-file=\"https:\/\/hainau.de\/wp-content\/uploads\/2015\/09\/P1010307-300x169.jpg\" data-large-file=\"https:\/\/hainau.de\/wp-content\/uploads\/2015\/09\/P1010307-1024x576.jpg\" src=\"https:\/\/i0.wp.com\/hainau.de\/wp-content\/uploads\/2015\/09\/P1010307.jpg?w=581&#038;h=327&#038;ssl=1\" srcset=\"https:\/\/hainau.de\/wp-content\/uploads\/2015\/09\/P1010307.jpg 1920w, https:\/\/hainau.de\/wp-content\/uploads\/2015\/09\/P1010307-300x169.jpg 300w, https:\/\/hainau.de\/wp-content\/uploads\/2015\/09\/P1010307-1024x576.jpg 1024w\" width=\"581\" height=\"327\" loading=\"lazy\" data-original-width=\"581\" data-original-height=\"327\" itemprop=\"http:\/\/schema.org\/image\" title=\"P1010307\" alt=\"P1010307\" style=\"width: 581px; height: 327px;\" \/> <\/div> <\/div> <!-- close group --> <div class=\"gallery-group images-1\" style=\"width: 585px; height: 331px;\" data-original-width=\"585\" data-original-height=\"331\" > <div class=\"tiled-gallery-item tiled-gallery-item-large\" itemprop=\"associatedMedia\" itemscope itemtype=\"http:\/\/schema.org\/ImageObject\"> <meta itemprop=\"width\" content=\"581\"> <meta itemprop=\"height\" content=\"327\"> <img decoding=\"async\" class=\"\" data-attachment-id=\"1489\" data-orig-file=\"https:\/\/hainau.de\/wp-content\/uploads\/2015\/09\/P1010309.jpg\" data-orig-size=\"1920,1080\" data-comments-opened=\"\" data-image-meta=\"{&quot;aperture&quot;:&quot;5&quot;,&quot;credit&quot;:&quot;&quot;,&quot;camera&quot;:&quot;DMC-FZ8&quot;,&quot;caption&quot;:&quot;&quot;,&quot;created_timestamp&quot;:&quot;1443359018&quot;,&quot;copyright&quot;:&quot;&quot;,&quot;focal_length&quot;:&quot;6&quot;,&quot;iso&quot;:&quot;100&quot;,&quot;shutter_speed&quot;:&quot;0.004&quot;,&quot;title&quot;:&quot;&quot;,&quot;orientation&quot;:&quot;1&quot;}\" data-image-title=\"P1010309\" data-image-description=\"\" data-medium-file=\"https:\/\/hainau.de\/wp-content\/uploads\/2015\/09\/P1010309-300x169.jpg\" data-large-file=\"https:\/\/hainau.de\/wp-content\/uploads\/2015\/09\/P1010309-1024x576.jpg\" src=\"https:\/\/i0.wp.com\/hainau.de\/wp-content\/uploads\/2015\/09\/P1010309.jpg?w=581&#038;h=327&#038;ssl=1\" srcset=\"https:\/\/hainau.de\/wp-content\/uploads\/2015\/09\/P1010309.jpg 1920w, https:\/\/hainau.de\/wp-content\/uploads\/2015\/09\/P1010309-300x169.jpg 300w, https:\/\/hainau.de\/wp-content\/uploads\/2015\/09\/P1010309-1024x576.jpg 1024w\" width=\"581\" height=\"327\" loading=\"lazy\" data-original-width=\"581\" data-original-height=\"327\" itemprop=\"http:\/\/schema.org\/image\" title=\"P1010309\" alt=\"P1010309\" style=\"width: 581px; height: 327px;\" \/> <\/div> <\/div> <!-- close group --> <\/div> <!-- close row --> <\/div>\n","protected":false},"excerpt":{"rendered":"<p>Die Ortsgemeinde Hainau hatte\u00a01986 mit dem Bau einer Tennisanlage mit 2 Pl\u00e4tzen begonnen, die am 30. Mai 1987 offiziell an den TC Hainau \u00fcbergeben und feierlich er\u00f6ffnet wurde. Ein Jahr darauf, im Mai 1988, konnte auch das Clubhaus fertiggestellt und an den TC Hainau \u00fcbergeben werden. Seitdem wird die Anlage intensiv von den Tennisbegeisterten des [&hellip;]<\/p>\n","protected":false},"author":2,"featured_media":0,"parent":41,"menu_order":0,"comment_status":"closed","ping_status":"closed","template":"","meta":{"jetpack_post_was_ever_published":false,"_mc_calendar":[],"footnotes":""},"class_list":["post-1483","page","type-page","status-publish","czr-hentry"],"jetpack_shortlink":"https:\/\/wp.me\/P5VSUL-nV","jetpack_sharing_enabled":true,"_links":{"self":[{"href":"https:\/\/hainau.de\/index.php?rest_route=\/wp\/v2\/pages\/1483","targetHints":{"allow":["GET"]}}],"collection":[{"href":"https:\/\/hainau.de\/index.php?rest_route=\/wp\/v2\/pages"}],"about":[{"href":"https:\/\/hainau.de\/index.php?rest_route=\/wp\/v2\/types\/page"}],"author":[{"embeddable":true,"href":"https:\/\/hainau.de\/index.php?rest_route=\/wp\/v2\/users\/2"}],"replies":[{"embeddable":true,"href":"https:\/\/hainau.de\/index.php?rest_route=%2Fwp%2Fv2%2Fcomments&post=1483"}],"version-history":[{"count":3,"href":"https:\/\/hainau.de\/index.php?rest_route=\/wp\/v2\/pages\/1483\/revisions"}],"predecessor-version":[{"id":1491,"href":"https:\/\/hainau.de\/index.php?rest_route=\/wp\/v2\/pages\/1483\/revisions\/1491"}],"up":[{"embeddable":true,"href":"https:\/\/hainau.de\/index.php?rest_route=\/wp\/v2\/pages\/41"}],"wp:attachment":[{"href":"https:\/\/hainau.de\/index.php?rest_route=%2Fwp%2Fv2%2Fmedia&parent=1483"}],"curies":[{"name":"wp","href":"https:\/\/api.w.org\/{rel}","templated":true}]}}