{"id":1323,"date":"2015-07-29T23:47:55","date_gmt":"2015-07-29T21:47:55","guid":{"rendered":"http:\/\/wordpress.hainau.de\/?page_id=1323"},"modified":"2025-12-12T13:17:57","modified_gmt":"2025-12-12T12:17:57","slug":"satzungen-der-ortsgemeinde-hainau","status":"publish","type":"page","link":"https:\/\/hainau.de\/?page_id=1323","title":{"rendered":"B\u00fcrgerservice"},"content":{"rendered":"\n<p>Auf dieser Seite m\u00f6chten wir Ihnen die Dienstleistungen und Informationen zur Verf\u00fcgung stellen, die die Ortsgemeinde Hainau betreffen. Sie soll st\u00e4ndig erg\u00e4nzt werden, um Ihnen nach und nach einen m\u00f6glichst vollst\u00e4ndigen \u00dcberblick zu geben. Wir sind daher dankbar f\u00fcr jede Anregung!<\/p>\n\n\n\n<h3 class=\"wp-block-heading\">Wenn Sie uns schreiben m\u00f6chten, finden Sie hier ein <a rel=\"noopener noreferrer\" href=\"http:\/\/wordpress.hainau.de\/?page_id=1624\" target=\"_blank\">Kontaktformular<\/a>!<\/h3>\n\n\n\n<h3 class=\"wp-block-heading\"><a href=\"http:\/\/wordpress.hainau.de\/?page_id=3855\">Baupl\u00e4tze<\/a><\/h3>\n\n\n\n<h3 class=\"wp-block-heading\"><a href=\"http:\/\/wordpress.hainau.de\/?page_id=1346\">Bebauungsplan<\/a><\/h3>\n\n\n\n<h3 class=\"wp-block-heading\"><a href=\"https:\/\/hainau.de\/?page_id=4852\">Brennholzbestellung 2026<\/a><\/h3>\n\n\n\n<h3 class=\"wp-block-heading has-vivid-cyan-blue-color has-text-color\"><a href=\"https:\/\/www.mb-bus.de\/de\/strecken\/rhein-lahn-kreis\/linie\/538\">Busverbindungen von Hainau<\/a><\/h3>\n\n\n\n<h3 class=\"wp-block-heading\"><a href=\"http:\/\/wordpress.hainau.de\/wp-content\/uploads\/2020\/10\/202006-Statistik.pdf\" target=\"_blank\" rel=\"noreferrer noopener\">Gemeindestatistik<\/a><\/h3>\n\n\n\n<h3 class=\"wp-block-heading\"><a href=\"http:\/\/stromausfall.de\" target=\"_blank\" rel=\"noopener noreferrer\">Stromausf\u00e4lle in der Region<\/a><\/h3>\n\n\n\n<h3 class=\"wp-block-heading has-vivid-cyan-blue-color has-text-color\">\u00d6ffnungszeiten Gr\u00fcnschnittannahme Gemmerich<\/h3>\n\n\n<div class=\"su-spoiler su-spoiler-style-default su-spoiler-icon-arrow su-spoiler-closed\" data-scroll-offset=\"0\" data-anchor-in-url=\"no\"><div class=\"su-spoiler-title\" tabindex=\"0\" role=\"button\"><span class=\"su-spoiler-icon\"><\/span>\u00d6ffnungszeiten<\/div><div class=\"su-spoiler-content su-u-clearfix su-u-trim\"><div class=\"su-table su-table-alternate\">\n<table>\n<tr>\n<td>November<\/td>\n<td>Samstag 13:00 &#8211; 15:00 Uhr<\/td>\n<\/tr>\n<tr>\n<td>Dezember &#8211; Februar<\/td>\n<td>geschlossen<\/td>\n<\/tr>\n<tr>\n<td>M\u00e4rz &#8211; Mai<\/td>\n<td>Samstag 12:00 &#8211; 15:00 Uhr<\/td>\n<\/tr>\n<tr>\n<td>Juni &#8211; August<\/td>\n<td>Samstag 13:00 &#8211; 15:00 Uhr<\/td>\n<\/tr>\n<tr>\n<td>September &#8211; Oktober<\/td>\n<td>Samstag 12:00 &#8211; 15:00<\/td>\n<\/tr>\n<\/table>\n<\/div><\/div><\/div>\n\n\n\n<h3 class=\"wp-block-heading has-vivid-cyan-blue-color has-text-color\">Satzungen der Ortsgemeinde Hainau<\/h3>\n\n\n\n<p>Alle Satzungen der Ortsgemeinde Hainau finden Sie auf der Seite der Verbandsgemeinde Nast\u00e4tten. Dorthin kommen Sie <a href=\"https:\/\/www.vgnastaetten.de\/verwaltung\/gemeinden\/hainau\/satzungen.html\" target=\"_blank\" rel=\"noopener noreferrer\">hier&#8230;<\/a><\/p>\n\n\n\n<h3 class=\"wp-block-heading\">&nbsp;<\/h3>\n\n\n\n<h3 class=\"wp-block-heading\"><a href=\"https:\/\/rhein-lahn-kreis-abfallwirtschaft.de\/print_abfuhr.php?cs=6615&amp;gemeinde=108&amp;strasse=&amp;jahr=2024\" target=\"_blank\" rel=\"noreferrer noopener\">Termine M\u00fcllabfuhr Hainau<\/a><\/h3>\n","protected":false},"excerpt":{"rendered":"<p>Auf dieser Seite m\u00f6chten wir Ihnen die Dienstleistungen und Informationen zur Verf\u00fcgung stellen, die die Ortsgemeinde Hainau betreffen. Sie soll st\u00e4ndig erg\u00e4nzt werden, um Ihnen nach und nach einen m\u00f6glichst vollst\u00e4ndigen \u00dcberblick zu geben. Wir sind daher dankbar f\u00fcr jede Anregung! Wenn Sie uns schreiben m\u00f6chten, finden Sie hier ein Kontaktformular! Baupl\u00e4tze Bebauungsplan Brennholzbestellung 2026 [&hellip;]<\/p>\n","protected":false},"author":2,"featured_media":1622,"parent":0,"menu_order":0,"comment_status":"closed","ping_status":"closed","template":"","meta":{"jetpack_post_was_ever_published":false,"_mc_calendar":[],"footnotes":""},"class_list":["post-1323","page","type-page","status-publish","has-post-thumbnail","czr-hentry"],"jetpack_shortlink":"https:\/\/wp.me\/P5VSUL-ll","jetpack_sharing_enabled":true,"_links":{"self":[{"href":"https:\/\/hainau.de\/index.php?rest_route=\/wp\/v2\/pages\/1323","targetHints":{"allow":["GET"]}}],"collection":[{"href":"https:\/\/hainau.de\/index.php?rest_route=\/wp\/v2\/pages"}],"about":[{"href":"https:\/\/hainau.de\/index.php?rest_route=\/wp\/v2\/types\/page"}],"author":[{"embeddable":true,"href":"https:\/\/hainau.de\/index.php?rest_route=\/wp\/v2\/users\/2"}],"replies":[{"embeddable":true,"href":"https:\/\/hainau.de\/index.php?rest_route=%2Fwp%2Fv2%2Fcomments&post=1323"}],"version-history":[{"count":62,"href":"https:\/\/hainau.de\/index.php?rest_route=\/wp\/v2\/pages\/1323\/revisions"}],"predecessor-version":[{"id":5370,"href":"https:\/\/hainau.de\/index.php?rest_route=\/wp\/v2\/pages\/1323\/revisions\/5370"}],"wp:featuredmedia":[{"embeddable":true,"href":"https:\/\/hainau.de\/index.php?rest_route=\/wp\/v2\/media\/1622"}],"wp:attachment":[{"href":"https:\/\/hainau.de\/index.php?rest_route=%2Fwp%2Fv2%2Fmedia&parent=1323"}],"curies":[{"name":"wp","href":"https:\/\/api.w.org\/{rel}","templated":true}]}}