{"id":123,"date":"2015-03-16T23:21:13","date_gmt":"2015-03-16T22:21:13","guid":{"rendered":"http:\/\/wordpress.hainau.de\/?page_id=123"},"modified":"2024-07-30T15:39:13","modified_gmt":"2024-07-30T13:39:13","slug":"impressum","status":"publish","type":"page","link":"https:\/\/hainau.de\/?page_id=123","title":{"rendered":"Impressum"},"content":{"rendered":"<p><b>Verantwortlich:<\/b><\/p>\n<p>Gemeinde Hainau<br \/>\nBr\u00fcckenstr. 9a<br \/>\n56357 Hainau<br \/>\n<b>Tel:<\/b> 06772-6064<br \/>\n<b>E-Mail: <\/b>buergermeister@hainau.de<\/p>\n<p><b>Vertretungsberechtigt:<\/b><\/p>\n<p>Ortsb\u00fcrgermeister Nadine B\u00e4rz<\/p>\n<p><b>Aufsichtsbeh\u00f6rde:<\/b><\/p>\n<p>Kreisverwaltung des Rhein-Lahn-Kreises<br \/>\nInsel Silberau 1<br \/>\n56130 Bad Ems<br \/>\nTelefon: 0 26 03 \/ 9 72 &#8211; 0<br \/>\nTelefax: 0 26 03 \/ 9 72 &#8211; 199<\/p>\n<h2><a name=\"2343619cd60f02401\"><\/a>E-MAILS<\/h2>\n<p>Dieser Kommunikationsweg steht ausschlie\u00dflich f\u00fcr Verwaltungsangelegenheiten zur Verf\u00fcgung.<\/p>\n<p>Soweit Ihre Mittteilungen Willenserkl\u00e4rungen mit rechtlich bedeutsamem Inhalt enthalten (z. B. Antr\u00e4ge an die Verwaltung oder Widerspr\u00fcche gegen Verwaltungshandlungen), ist eine qualifiziert elektronisch signierte E-Mail an vg-nastaetten@poststelle.rlp.de erforderlich (zentraler Eingang bei der Verbandsgemeindeverwaltung Nast\u00e4tten). Sollte Ihre Nachricht nicht entsprechend signiert sein, ist eine Wiederholung der \u00dcbermittlung mittels Telefax an die Verbandsgemeindeverwaltung Nast\u00e4tten (0 67 72 \/ 8 02 &#8211; 26), die Ortsgemeinde Hainau (0 67 72 \/ 94927) oder auf dem Postwege an oben genannte Adresse unbedingt erforderlich.<\/p>\n<p>F\u00fcr eine formfreie elektronische Kommunikation (hier ist Ihre eigenh\u00e4ndige Unterschrift nicht zwingend vorgeschrieben) steht Ihnen unsere zentrale E-Mail-Adresse buergermeister@hainau.de zur Verf\u00fcgung. Weiterhin k\u00f6nnen nat\u00fcrlich an alle auf unserer Internetseite www.hainau.de angebotenen oder auf dem Briefkopf der Ortsgemeinde Hainau ausgewiesenen E-Mail-Adressen formfreie Nachrichten\/Mitteilungen gesendet werden.<\/p>\n<p>Wegen der Einzelheiten der elektronischen Kommunikation mit den Ortsgemeinden der Verbandsgemeinde Nast\u00e4tten verweisen wir auf die Regeln f\u00fcr die elektronische Kommunikation mit der Verbandsgemeindeverwaltung Nast\u00e4tten (<a href=\"https:\/\/www.vgnastaetten.de\/verwaltung\/buergerservice\/elektr-kommunikation.html\">https:\/\/www.vgnastaetten.de\/verwaltung\/buergerservice\/elektr-kommunikation.html<\/a>)\u00a0.<\/p>\n<p>Da es aus verwaltungsinternen Gr\u00fcnden derzeit nicht m\u00f6glich ist, alle Eingaben, die per E-Mail eingehen, auch auf elektronischem Wege zu beantworten, werden die Nutzer des E-Mail-Zugangs gebeten, neben der E-Mail-Adresse auch ihre Postanschrift anzugeben.<\/p>\n<h2><a name=\"2343619cd60f0c002\"><\/a>HAFTUNG UND AKTUALISIERUNG<\/h2>\n<p>Die Ortsgemeinde Hainau ist bem\u00fcht, f\u00fcr die Richtigkeit und Aktualit\u00e4t aller auf ihrer Website enthaltenen Informationen und Daten zu sorgen. Eine Haftung oder Garantie f\u00fcr die Aktualit\u00e4t, Richtigkeit und Vollst\u00e4ndigkeit der zur Verf\u00fcgung gestellten Informationen und Daten ist jedoch ausgeschlossen. Es wird in keinem Fall f\u00fcr Sch\u00e4den, welche sich aus der Verwendung der abgerufenen Informationen ergeben, eine Haftung \u00fcbernommen. Alle Angebote sind freibleibend und unverbindlich. Die Ortsgemeinde Hainau beh\u00e4lt es sich ausdr\u00fccklich vor, Teile der Seiten oder das gesamte Angebot ohne gesonderte Ank\u00fcndigung zu ver\u00e4ndern, zu erg\u00e4nzen, zu l\u00f6schen oder die Ver\u00f6ffentlichung zeitweise oder endg\u00fcltig einzustellen.<\/p>\n<h2><a name=\"2343619cd60f0f603\"><\/a>GESETZE UND VERORDNUNGEN<\/h2>\n<p>Soweit Texte von Gesetzen und Verordnungen auf unseren Seiten abgebildet werden, handelt es sich ausdr\u00fccklich nur um unverbindliche Abschriften zur schnellen Information per Internet. Rechtsverbindlich sind allein die gedruckten Texte der amtlichen Ver\u00f6ffentlichungen.<\/p>\n<h2><a name=\"0000009784124f501\"><\/a>EXTERNE LINKS<\/h2>\n<p>Die Ortsgemeinde Hainau ist als Diensteanbieter nach \u00a7 2 Abs. 1 Nr. 1 Telemediengesetz (TMG) f\u00fcr die &#8222;eigenen Inhalte&#8220;, die sie zur Nutzung bereith\u00e4lt, verantwortlich gem\u00e4\u00df \u00a7 7 TMG. Von diesen eigenen Inhalten sind Querverweise (&#8222;Links&#8220;), auf die von anderen Anbietern bereitgehaltenen Inhalte, zu unterscheiden.<\/p>\n<p>Die Ortsgemeinde Hainau hat bei der erstmaligen Verkn\u00fcpfung die fremden Inhalte gesichtet. Bei Links handelt es sich allerdings stets um &#8222;lebende&#8220; (dynamische) Verweisungen; die fremden Inhalte k\u00f6nnen deshalb ge\u00e4ndert worden sein, ohne dass die Ortsgemeinde Hainau hiervon Kenntnis hat.<\/p>\n<p>Aus diesem Grund distanzieren wir uns hiermit ausdr\u00fccklich von den Inhalten s\u00e4mtlicher gelinkten Seiten auf unserer Homepage und machen uns deren Inhalte nicht zu eigen.<\/p>\n<h2><a name=\"2343619cd60f13a04\"><\/a>URHEBERRECHT<\/h2>\n<p>Das Layout der Homepage, die verwendeten Bilder und Grafiken sowie die Texte sind urheberrechtlich gesch\u00fctzt. Die Seiten d\u00fcrfen nur zum privaten Gebrauch vervielf\u00e4ltigt, \u00c4nderungen nicht vorgenommen und Vervielf\u00e4ltigungsst\u00fccke weder verbreitet noch zu \u00f6ffentlichen Wiedergaben verwendet werden. Die Vervielf\u00e4ltigung von Daten oder Informationen, insbesondere die Verwendung von Texten, Textteilen oder Bildmaterial bedarf der vorherigen Zustimmung der Ortsgemeinde Hainau.<\/p>\n","protected":false},"excerpt":{"rendered":"<p>Verantwortlich: Gemeinde Hainau Br\u00fcckenstr. 9a 56357 Hainau Tel: 06772-6064 E-Mail: buergermeister@hainau.de Vertretungsberechtigt: Ortsb\u00fcrgermeister Nadine B\u00e4rz Aufsichtsbeh\u00f6rde: Kreisverwaltung des Rhein-Lahn-Kreises Insel Silberau 1 56130 Bad Ems Telefon: 0 26 03 \/ 9 72 &#8211; 0 Telefax: 0 26 03 \/ 9 72 &#8211; 199 E-MAILS Dieser Kommunikationsweg steht ausschlie\u00dflich f\u00fcr Verwaltungsangelegenheiten zur Verf\u00fcgung. Soweit Ihre Mittteilungen [&hellip;]<\/p>\n","protected":false},"author":2,"featured_media":0,"parent":0,"menu_order":7,"comment_status":"closed","ping_status":"closed","template":"","meta":{"jetpack_post_was_ever_published":false,"_mc_calendar":[],"footnotes":""},"class_list":["post-123","page","type-page","status-publish","czr-hentry"],"jetpack_shortlink":"https:\/\/wp.me\/P5VSUL-1Z","jetpack_sharing_enabled":false,"_links":{"self":[{"href":"https:\/\/hainau.de\/index.php?rest_route=\/wp\/v2\/pages\/123","targetHints":{"allow":["GET"]}}],"collection":[{"href":"https:\/\/hainau.de\/index.php?rest_route=\/wp\/v2\/pages"}],"about":[{"href":"https:\/\/hainau.de\/index.php?rest_route=\/wp\/v2\/types\/page"}],"author":[{"embeddable":true,"href":"https:\/\/hainau.de\/index.php?rest_route=\/wp\/v2\/users\/2"}],"replies":[{"embeddable":true,"href":"https:\/\/hainau.de\/index.php?rest_route=%2Fwp%2Fv2%2Fcomments&post=123"}],"version-history":[{"count":11,"href":"https:\/\/hainau.de\/index.php?rest_route=\/wp\/v2\/pages\/123\/revisions"}],"predecessor-version":[{"id":5007,"href":"https:\/\/hainau.de\/index.php?rest_route=\/wp\/v2\/pages\/123\/revisions\/5007"}],"wp:attachment":[{"href":"https:\/\/hainau.de\/index.php?rest_route=%2Fwp%2Fv2%2Fmedia&parent=123"}],"curies":[{"name":"wp","href":"https:\/\/api.w.org\/{rel}","templated":true}]}}