{"id":1132,"date":"2015-05-21T00:15:52","date_gmt":"2015-05-20T22:15:52","guid":{"rendered":"http:\/\/wordpress.hainau.de\/?page_id=1132"},"modified":"2025-03-18T18:33:17","modified_gmt":"2025-03-18T17:33:17","slug":"medien","status":"publish","type":"page","link":"https:\/\/hainau.de\/?page_id=1132","title":{"rendered":"Medien"},"content":{"rendered":"\n<h3 class=\"wp-block-heading has-black-color has-text-color has-link-color wp-elements-5cfbe221c618507b42fdbc4100f20e97\">Chronik des Dorfes Hainau<\/h3>\n\n\n\n<p>Am 9.11.2014 wurde die Chronik den Hainauern im Rahmen einer \u00f6ffentlichen Pr\u00e4sentation vorgestellt. Sie stellt die Geschichte des Dorfes von den Spuren erster Besiedelung zur Zeit&nbsp;der R\u00f6mer&nbsp;bis in das Jahr 2013&nbsp;dar. Erstmalig wird der Ort&nbsp;urkundlich im Jahre 922 in einer K\u00f6lner Urkunde unter dem Namen \u201ePischingehova\u201c erw\u00e4hnt.<\/p>\n\n\n\n<p>Auch Alteingesessenen er\u00f6ffnet&nbsp;die Chronik &nbsp;manchen neuen Einblick.<\/p>\n\n\n\n<p>Haben Sie Interesse an der Chronik? Schreiben Sie uns:<\/p>\n\n\n\n<p><strong>Mail:<\/strong> buergermeister@hainau.de<\/p>\n\n\n\n<p>&nbsp;<\/p>\n\n\n\n<h3 class=\"wp-block-heading has-black-color has-text-color has-link-color wp-elements-1bc2bb8235da0e791af15731bd9a8e01\">Seltene Fossilienfunde im Taunus<\/h3>\n\n\n\n<p style=\"font-size:18px\">Ein Beitrag des SWR aus Hainau<\/p>\n\n\n\n<iframe loading=\"lazy\" src=\"https:\/\/www.swr.de\/~embed\/video\/sendungen-a-z\/landesschau-rp\/seltene-fossilienfunde-im-taunus-100.html?\" width=\"640\" height=\"360\" frameborder=\"0\" webkitallowfullscreen mozallowfullscreen allowfullscreen><\/iframe>\n","protected":false},"excerpt":{"rendered":"<p>Chronik des Dorfes Hainau Am 9.11.2014 wurde die Chronik den Hainauern im Rahmen einer \u00f6ffentlichen Pr\u00e4sentation vorgestellt. Sie stellt die Geschichte des Dorfes von den Spuren erster Besiedelung zur Zeit&nbsp;der R\u00f6mer&nbsp;bis in das Jahr 2013&nbsp;dar. Erstmalig wird der Ort&nbsp;urkundlich im Jahre 922 in einer K\u00f6lner Urkunde unter dem Namen \u201ePischingehova\u201c erw\u00e4hnt. Auch Alteingesessenen er\u00f6ffnet&nbsp;die Chronik [&hellip;]<\/p>\n","protected":false},"author":2,"featured_media":0,"parent":118,"menu_order":0,"comment_status":"closed","ping_status":"closed","template":"","meta":{"jetpack_post_was_ever_published":false,"_mc_calendar":[],"footnotes":""},"class_list":["post-1132","page","type-page","status-publish","czr-hentry"],"jetpack_shortlink":"https:\/\/wp.me\/P5VSUL-ig","jetpack_sharing_enabled":true,"_links":{"self":[{"href":"https:\/\/hainau.de\/index.php?rest_route=\/wp\/v2\/pages\/1132","targetHints":{"allow":["GET"]}}],"collection":[{"href":"https:\/\/hainau.de\/index.php?rest_route=\/wp\/v2\/pages"}],"about":[{"href":"https:\/\/hainau.de\/index.php?rest_route=\/wp\/v2\/types\/page"}],"author":[{"embeddable":true,"href":"https:\/\/hainau.de\/index.php?rest_route=\/wp\/v2\/users\/2"}],"replies":[{"embeddable":true,"href":"https:\/\/hainau.de\/index.php?rest_route=%2Fwp%2Fv2%2Fcomments&post=1132"}],"version-history":[{"count":24,"href":"https:\/\/hainau.de\/index.php?rest_route=\/wp\/v2\/pages\/1132\/revisions"}],"predecessor-version":[{"id":5226,"href":"https:\/\/hainau.de\/index.php?rest_route=\/wp\/v2\/pages\/1132\/revisions\/5226"}],"up":[{"embeddable":true,"href":"https:\/\/hainau.de\/index.php?rest_route=\/wp\/v2\/pages\/118"}],"wp:attachment":[{"href":"https:\/\/hainau.de\/index.php?rest_route=%2Fwp%2Fv2%2Fmedia&parent=1132"}],"curies":[{"name":"wp","href":"https:\/\/api.w.org\/{rel}","templated":true}]}}